{"id":375,"date":"2022-03-24T23:48:51","date_gmt":"2022-03-24T20:48:51","guid":{"rendered":"https:\/\/aslifiliz.com\/?page_id=375"},"modified":"2022-03-25T12:03:43","modified_gmt":"2022-03-25T09:03:43","slug":"teppich-webende-frau","status":"publish","type":"page","link":"https:\/\/aslifiliz.com\/de\/teppich-webende-frau\/","title":{"rendered":"Teppich Webende Frau"},"content":{"rendered":"<p>[vc_row css_animation=&#8221;&#8221; row_type=&#8221;row&#8221; use_row_as_full_screen_section=&#8221;no&#8221; type=&#8221;full_width&#8221; angled_section=&#8221;no&#8221; text_align=&#8221;left&#8221; background_image_as_pattern=&#8221;without_pattern&#8221; css=&#8221;.vc_custom_1647981875162{margin-top: 32px !important;margin-bottom: 32px !important;}&#8221; z_index=&#8221;&#8221;][vc_column css=&#8221;.vc_custom_1646430017339{margin-right: 16px !important;}&#8221;][vc_column_text]<\/p>\n<h5>TEPPICH &#8211; MOTIV (FRAU H\u00c4NDE AUF DER TAILLE) &#8211; 2019<\/h5>\n<p>[\/vc_column_text][vc_separator type=&#8221;normal&#8221; color=&#8221;#e8e8e8&#8243;][\/vc_column][\/vc_row][vc_row css_animation=&#8221;&#8221; row_type=&#8221;row&#8221; use_row_as_full_screen_section=&#8221;no&#8221; type=&#8221;full_width&#8221; angled_section=&#8221;no&#8221; text_align=&#8221;left&#8221; background_image_as_pattern=&#8221;without_pattern&#8221; z_index=&#8221;&#8221;][vc_column width=&#8221;1\/2&#8243; css=&#8221;.vc_custom_1647812082051{margin-bottom: 32px !important;}&#8221;][vc_single_image image=&#8221;192&#8243; img_size=&#8221;600&#215;749&#8243; add_caption=&#8221;yes&#8221; style=&#8221;vc_box_shadow&#8221; qode_css_animation=&#8221;&#8221;][\/vc_column][vc_column width=&#8221;1\/2&#8243; css=&#8221;.vc_custom_1647812091241{margin-bottom: 32px !important;}&#8221;]<div class=\"q_icon_list\"><i class=\"qode_icon_font_awesome fa fa-paint-brush qode-ili-icon-holder circle\" style=\"color: #a0a0a0;background-color: #ffffff;\" ><\/i><p style=\"color:#a0a0a0;\">Teppich Webende Frau<\/p><\/div><div class=\"q_icon_list\"><i class=\"qode_icon_font_awesome fa fa-minus qode-ili-icon-holder circle\" style=\"color: #a0a0a0;background-color: #ffffff;\" ><\/i><p style=\"color:#a0a0a0;\">Acrylfarben<\/p><\/div><div class=\"q_icon_list\"><i class=\"qode_icon_font_awesome fa fa-minus qode-ili-icon-holder circle\" style=\"color: #a0a0a0;background-color: #ffffff;\" ><\/i><p style=\"color:#a0a0a0;\">Rahmen: 52\u00d772 cm<\/p><\/div><div class=\"q_icon_list\"><i class=\"qode_icon_font_awesome fa fa-minus qode-ili-icon-holder circle\" style=\"color: #a0a0a0;background-color: #ffffff;\" ><\/i><p style=\"color:#a0a0a0;\">Bild: 30\u00d742 cm<\/p><\/div>[vc_column_text css=&#8221;.vc_custom_1648157943953{margin-bottom: 16px !important;}&#8221;]<\/p>\n<h4>ANATOLISCHE HANDGEARBEITE KELIM<br \/>\nTEPPICH &#8211; MOTIVE<\/h4>\n<p>[\/vc_column_text][vc_column_text]Frauen-Motiv: H\u00e4nde auf den H\u00fcften<\/p>\n<p>Es ist das Symbol der Weiblichkeit \u00fcberall in Anatolien. Dies bedeutet nicht nur Mutterschaft und Fruchtbarkeit, sondern auch viel Gl\u00fcck, Segen und Freude Die menschliche Figur ist in der handgearbeiteten Kelimweberei Anatoliens kaum zu sehen. Diese Motive \u00e4hneln eher Ornamenten als menschlichen Figuren.<\/p>\n<p>&nbsp;<\/p>\n<p>Die Kunstweberin Anil Asl\u0131 Filiz<\/p>\n<p>&nbsp;<\/p>\n<p>Die Frauen und jungen M\u00e4dchen vermitteln ihre Gef\u00fchle durch diese Motive. Sie haben ihre Trauer \u00fcber Scheidungen, das Ende einer Liebe oder Todesf\u00e4lle, aber auch ihre Sehns\u00fcchte, Chancen und W\u00fcnsche sowie das Gl\u00fcck und die Dankbarkeit \u00fcber eine Geburt, \u00fcber F\u00fclle und Fruchtbarkeit in die Teppiche eingewoben. Deswegen erz\u00e4hlt jeder Teppich eine eigene, individuelle Geschichte. Ich habe davon das Motiv \u201eDie Frau mit den H\u00e4nden auf den H\u00fcften\u201d bearbeitet und versucht, die Gef\u00fchle der Frauen zu interpretieren, die mich durch dieses Motiv ber\u00fchrt haben.[\/vc_column_text][\/vc_column][\/vc_row]<\/p>\n","protected":false},"excerpt":{"rendered":"<p>[vc_row css_animation=&#8221;&#8221; row_type=&#8221;row&#8221; use_row_as_full_screen_section=&#8221;no&#8221; type=&#8221;full_width&#8221; angled_section=&#8221;no&#8221; text_align=&#8221;left&#8221; background_image_as_pattern=&#8221;without_pattern&#8221; css=&#8221;.vc_custom_1647981875162{margin-top: 32px !important;margin-bottom: 32px !important;}&#8221; z_index=&#8221;&#8221;][vc_column css=&#8221;.vc_custom_1646430017339{margin-right: 16px !important;}&#8221;][vc_column_text] TEPPICH &#8211; MOTIV (FRAU H\u00c4NDE AUF DER TAILLE) &#8211; 2019 [\/vc_column_text][vc_separator type=&#8221;normal&#8221; color=&#8221;#e8e8e8&#8243;][\/vc_column][\/vc_row][vc_row css_animation=&#8221;&#8221; row_type=&#8221;row&#8221; use_row_as_full_screen_section=&#8221;no&#8221; type=&#8221;full_width&#8221; angled_section=&#8221;no&#8221; text_align=&#8221;left&#8221; background_image_as_pattern=&#8221;without_pattern&#8221; z_index=&#8221;&#8221;][vc_column width=&#8221;1\/2&#8243; css=&#8221;.vc_custom_1647812082051{margin-bottom: 32px !important;}&#8221;][vc_single_image image=&#8221;192&#8243; img_size=&#8221;600&#215;749&#8243; add_caption=&#8221;yes&#8221;&#8230;<\/p>\n","protected":false},"author":1,"featured_media":0,"parent":0,"menu_order":0,"comment_status":"closed","ping_status":"closed","template":"","meta":{"footnotes":""},"class_list":["post-375","page","type-page","status-publish","hentry"],"yoast_head":"<!-- This site is optimized with the Yoast SEO plugin v27.3 - https:\/\/yoast.com\/product\/yoast-seo-wordpress\/ -->\n<title>Teppich Webende Frau - Asl\u0131 Filiz<\/title>\n<meta name=\"description\" content=\"Frauen-Motiv: H\u00e4nde auf den H\u00fcften Es ist das Symbol der Weiblichkeit \u00fcberall in Anatolien. Die Kunstweberin Anil Asl\u0131 Filiz...\" \/>\n<meta name=\"robots\" content=\"index, follow, max-snippet:-1, max-image-preview:large, max-video-preview:-1\" \/>\n<link rel=\"canonical\" href=\"https:\/\/aslifiliz.com\/de\/teppich-webende-frau\/\" \/>\n<meta property=\"og:locale\" content=\"tr_TR\" \/>\n<meta property=\"og:type\" content=\"article\" \/>\n<meta property=\"og:title\" content=\"Teppich Webende Frau - Asl\u0131 Filiz\" \/>\n<meta property=\"og:description\" content=\"Frauen-Motiv: H\u00e4nde auf den H\u00fcften Es ist das Symbol der Weiblichkeit \u00fcberall in Anatolien. Die Kunstweberin Anil Asl\u0131 Filiz...\" \/>\n<meta property=\"og:url\" content=\"https:\/\/aslifiliz.com\/de\/teppich-webende-frau\/\" \/>\n<meta property=\"og:site_name\" content=\"Asl\u0131 Filiz\" \/>\n<meta property=\"article:modified_time\" content=\"2022-03-25T09:03:43+00:00\" \/>\n<meta name=\"twitter:card\" content=\"summary_large_image\" \/>\n<meta name=\"twitter:label1\" content=\"Tahmini okuma s\u00fcresi\" \/>\n\t<meta name=\"twitter:data1\" content=\"1 dakika\" \/>\n<script type=\"application\/ld+json\" class=\"yoast-schema-graph\">{\"@context\":\"https:\\\/\\\/schema.org\",\"@graph\":[{\"@type\":\"WebPage\",\"@id\":\"https:\\\/\\\/aslifiliz.com\\\/de\\\/teppich-webende-frau\\\/\",\"url\":\"https:\\\/\\\/aslifiliz.com\\\/de\\\/teppich-webende-frau\\\/\",\"name\":\"Teppich Webende Frau - Asl\u0131 Filiz\",\"isPartOf\":{\"@id\":\"https:\\\/\\\/aslifiliz.com\\\/de\\\/#website\"},\"datePublished\":\"2022-03-24T20:48:51+00:00\",\"dateModified\":\"2022-03-25T09:03:43+00:00\",\"description\":\"Frauen-Motiv: H\u00e4nde auf den H\u00fcften Es ist das Symbol der Weiblichkeit \u00fcberall in Anatolien. Die Kunstweberin Anil Asl\u0131 Filiz...\",\"breadcrumb\":{\"@id\":\"https:\\\/\\\/aslifiliz.com\\\/de\\\/teppich-webende-frau\\\/#breadcrumb\"},\"inLanguage\":\"tr\",\"potentialAction\":[{\"@type\":\"ReadAction\",\"target\":[\"https:\\\/\\\/aslifiliz.com\\\/de\\\/teppich-webende-frau\\\/\"]}]},{\"@type\":\"BreadcrumbList\",\"@id\":\"https:\\\/\\\/aslifiliz.com\\\/de\\\/teppich-webende-frau\\\/#breadcrumb\",\"itemListElement\":[{\"@type\":\"ListItem\",\"position\":1,\"name\":\"Home\",\"item\":\"https:\\\/\\\/aslifiliz.com\\\/de\\\/\"},{\"@type\":\"ListItem\",\"position\":2,\"name\":\"Teppich Webende Frau\"}]},{\"@type\":\"WebSite\",\"@id\":\"https:\\\/\\\/aslifiliz.com\\\/de\\\/#website\",\"url\":\"https:\\\/\\\/aslifiliz.com\\\/de\\\/\",\"name\":\"Asl\u0131 Filiz\",\"description\":\"Kunst und Grafikdesign\",\"potentialAction\":[{\"@type\":\"SearchAction\",\"target\":{\"@type\":\"EntryPoint\",\"urlTemplate\":\"https:\\\/\\\/aslifiliz.com\\\/de\\\/?s={search_term_string}\"},\"query-input\":{\"@type\":\"PropertyValueSpecification\",\"valueRequired\":true,\"valueName\":\"search_term_string\"}}],\"inLanguage\":\"tr\"}]}<\/script>\n<!-- \/ Yoast SEO plugin. -->","yoast_head_json":{"title":"Teppich Webende Frau - Asl\u0131 Filiz","description":"Frauen-Motiv: H\u00e4nde auf den H\u00fcften Es ist das Symbol der Weiblichkeit \u00fcberall in Anatolien. Die Kunstweberin Anil Asl\u0131 Filiz...","robots":{"index":"index","follow":"follow","max-snippet":"max-snippet:-1","max-image-preview":"max-image-preview:large","max-video-preview":"max-video-preview:-1"},"canonical":"https:\/\/aslifiliz.com\/de\/teppich-webende-frau\/","og_locale":"tr_TR","og_type":"article","og_title":"Teppich Webende Frau - Asl\u0131 Filiz","og_description":"Frauen-Motiv: H\u00e4nde auf den H\u00fcften Es ist das Symbol der Weiblichkeit \u00fcberall in Anatolien. Die Kunstweberin Anil Asl\u0131 Filiz...","og_url":"https:\/\/aslifiliz.com\/de\/teppich-webende-frau\/","og_site_name":"Asl\u0131 Filiz","article_modified_time":"2022-03-25T09:03:43+00:00","twitter_card":"summary_large_image","twitter_misc":{"Tahmini okuma s\u00fcresi":"1 dakika"},"schema":{"@context":"https:\/\/schema.org","@graph":[{"@type":"WebPage","@id":"https:\/\/aslifiliz.com\/de\/teppich-webende-frau\/","url":"https:\/\/aslifiliz.com\/de\/teppich-webende-frau\/","name":"Teppich Webende Frau - Asl\u0131 Filiz","isPartOf":{"@id":"https:\/\/aslifiliz.com\/de\/#website"},"datePublished":"2022-03-24T20:48:51+00:00","dateModified":"2022-03-25T09:03:43+00:00","description":"Frauen-Motiv: H\u00e4nde auf den H\u00fcften Es ist das Symbol der Weiblichkeit \u00fcberall in Anatolien. Die Kunstweberin Anil Asl\u0131 Filiz...","breadcrumb":{"@id":"https:\/\/aslifiliz.com\/de\/teppich-webende-frau\/#breadcrumb"},"inLanguage":"tr","potentialAction":[{"@type":"ReadAction","target":["https:\/\/aslifiliz.com\/de\/teppich-webende-frau\/"]}]},{"@type":"BreadcrumbList","@id":"https:\/\/aslifiliz.com\/de\/teppich-webende-frau\/#breadcrumb","itemListElement":[{"@type":"ListItem","position":1,"name":"Home","item":"https:\/\/aslifiliz.com\/de\/"},{"@type":"ListItem","position":2,"name":"Teppich Webende Frau"}]},{"@type":"WebSite","@id":"https:\/\/aslifiliz.com\/de\/#website","url":"https:\/\/aslifiliz.com\/de\/","name":"Asl\u0131 Filiz","description":"Kunst und Grafikdesign","potentialAction":[{"@type":"SearchAction","target":{"@type":"EntryPoint","urlTemplate":"https:\/\/aslifiliz.com\/de\/?s={search_term_string}"},"query-input":{"@type":"PropertyValueSpecification","valueRequired":true,"valueName":"search_term_string"}}],"inLanguage":"tr"}]}},"_links":{"self":[{"href":"https:\/\/aslifiliz.com\/de\/wp-json\/wp\/v2\/pages\/375","targetHints":{"allow":["GET"]}}],"collection":[{"href":"https:\/\/aslifiliz.com\/de\/wp-json\/wp\/v2\/pages"}],"about":[{"href":"https:\/\/aslifiliz.com\/de\/wp-json\/wp\/v2\/types\/page"}],"author":[{"embeddable":true,"href":"https:\/\/aslifiliz.com\/de\/wp-json\/wp\/v2\/users\/1"}],"replies":[{"embeddable":true,"href":"https:\/\/aslifiliz.com\/de\/wp-json\/wp\/v2\/comments?post=375"}],"version-history":[{"count":24,"href":"https:\/\/aslifiliz.com\/de\/wp-json\/wp\/v2\/pages\/375\/revisions"}],"predecessor-version":[{"id":380,"href":"https:\/\/aslifiliz.com\/de\/wp-json\/wp\/v2\/pages\/375\/revisions\/380"}],"wp:attachment":[{"href":"https:\/\/aslifiliz.com\/de\/wp-json\/wp\/v2\/media?parent=375"}],"curies":[{"name":"wp","href":"https:\/\/api.w.org\/{rel}","templated":true}]}}