{"id":446,"date":"2022-03-25T12:21:48","date_gmt":"2022-03-25T09:21:48","guid":{"rendered":"https:\/\/aslifiliz.com\/de\/?page_id=446"},"modified":"2022-03-27T23:47:50","modified_gmt":"2022-03-27T20:47:50","slug":"enkidu-waldmensch","status":"publish","type":"page","link":"https:\/\/aslifiliz.com\/de\/enkidu-waldmensch\/","title":{"rendered":"Enkidu \/ Waldmensch"},"content":{"rendered":"<p>[vc_row css_animation=&#8221;&#8221; row_type=&#8221;row&#8221; use_row_as_full_screen_section=&#8221;no&#8221; type=&#8221;full_width&#8221; angled_section=&#8221;no&#8221; text_align=&#8221;left&#8221; background_image_as_pattern=&#8221;without_pattern&#8221; css=&#8221;.vc_custom_1647981875162{margin-top: 32px !important;margin-bottom: 32px !important;}&#8221; z_index=&#8221;&#8221;][vc_column css=&#8221;.vc_custom_1646430017339{margin-right: 16px !important;}&#8221;][vc_column_text]<\/p>\n<h5>GILGAMESCH &#8211; EPOS 2020<\/h5>\n<p>[\/vc_column_text][vc_separator type=&#8221;normal&#8221; color=&#8221;#e8e8e8&#8243;][\/vc_column][\/vc_row][vc_row css_animation=&#8221;&#8221; row_type=&#8221;row&#8221; use_row_as_full_screen_section=&#8221;no&#8221; type=&#8221;full_width&#8221; angled_section=&#8221;no&#8221; text_align=&#8221;left&#8221; background_image_as_pattern=&#8221;without_pattern&#8221; z_index=&#8221;&#8221;][vc_column width=&#8221;1\/2&#8243; css=&#8221;.vc_custom_1647812082051{margin-bottom: 32px !important;}&#8221;][vc_single_image image=&#8221;207&#8243; img_size=&#8221;600&#215;749&#8243; add_caption=&#8221;yes&#8221; style=&#8221;vc_box_shadow&#8221; qode_css_animation=&#8221;&#8221;][\/vc_column][vc_column width=&#8221;1\/2&#8243; css=&#8221;.vc_custom_1647812091241{margin-bottom: 32px !important;}&#8221;]<div class=\"q_icon_list\"><i class=\"qode_icon_font_awesome fa fa-paint-brush qode-ili-icon-holder circle\" style=\"color: #a0a0a0;background-color: #ffffff;\" ><\/i><p style=\"color:#a0a0a0;\">Enkidu \/ Waldmensch<\/p><\/div><div class=\"q_icon_list\"><i class=\"qode_icon_font_awesome fa fa-minus qode-ili-icon-holder circle\" style=\"color: #a0a0a0;background-color: #ffffff;\" ><\/i><p style=\"color:#a0a0a0;\">Acrylfarben<\/p><\/div><div class=\"q_icon_list\"><i class=\"qode_icon_font_awesome fa fa-minus qode-ili-icon-holder circle\" style=\"color: #a0a0a0;background-color: #ffffff;\" ><\/i><p style=\"color:#a0a0a0;\">Rahmen: 52\u00d772 cm<\/p><\/div><div class=\"q_icon_list\"><i class=\"qode_icon_font_awesome fa fa-minus qode-ili-icon-holder circle\" style=\"color: #a0a0a0;background-color: #ffffff;\" ><\/i><p style=\"color:#a0a0a0;\">Bild: 30\u00d742 cm<\/p><\/div>[vc_column_text css=&#8221;.vc_custom_1648201020360{margin-bottom: 16px !important;}&#8221;]<\/p>\n<h4>DIE LEGENDE VON GOLGAMESCH &#8211; 2020<\/h4>\n<p>[\/vc_column_text][vc_column_text]Gilgamesch (2750\u20132600 v. Chr.) ist zu zwei Dritteln Gott und zu einem Drittel Mensch. Er herrscht als K\u00f6nig \u00fcber den sumerischen Stadtstaat Uruk Er ist ein despotischer Herrscher, weswegen die Sch\u00f6pferg\u00f6ttin Aruru sich entschlie\u00dft, den Steppenmenschen Enkidu zu erschaffen, der Gilgamesch besiegen kann. Vor dem Tempel kommt es zum Kampf, der unentschieden endet. Die Gegner werden Freunde und bestehen gemeinsame Abenteuer.<\/p>\n<p>&nbsp;<\/p>\n<p>Gilgamesch und Enkidu treten gegen ein Ungeheuer namens Huwawa an und werden bei ihrer R\u00fcckkehr nach Uruk als die gr\u00f6\u00dften Helden gefeiert. Ischtar, die Liebesg\u00f6t tin, erkl\u00e4rt Gilgames ch daraufhin ihre Liebe, er aber weist die G\u00f6ttin ab, weil er wei\u00df, wie es Dumuzi, einem fr\u00fcheren Liebhaber Ischtars, ergangen war. Erbittert schickt sie den Himmelsstier nach Uruk, der nun die Erde verw\u00fcstet. Doch die beiden Helden erschlagen auch dieses Untier.<\/p>\n<p>&nbsp;<\/p>\n<p>Aus Rache wird Enkidu auf Gehei\u00df der G\u00f6tter von einer Krankheit befallen und qualvoll sterben. Gilgamesch wei\u00df, dass ihn dasselbe Los erwartet und macht sich auf die Suche nach der Unsterblichkeit. Auf abenteuerlichem Weg gelangt er zu einem F\u00e4hrmann, der ihn \u00fcber das Wasser des Todes zu Utnapischtim \u2013 einem Vorfahren Gilgameschs \u2013 \u00fcbersetzt, jener r\u00e4t Gilgamesch, sechs Tage und sieben N\u00e4chte nicht zu schlafen, dann w\u00fcrde er Unsterblichkeit erlangen.<\/p>\n<p>&nbsp;<\/p>\n<p>Gilgamesch h\u00e4lt dies jedoch nicht durch. So erz\u00e4hlt ihm Utnapischtim von der Pfl anze, die aus alt jung macht. Daraufhin taucht Gilgamesch in die Tiefen des Meeres und fi ndet sie.<\/p>\n<p>&nbsp;<\/p>\n<p>Um die Menschen jung zu machen, will er die Verj\u00fcngungspfl anze in seine Heimat bringen, doch eine Schlange raubt sie. Gilgamesch kehrt daraufhin verzweifelt nach Uruk zur\u00fcck. Er hat nun Gewissheit \u00fcber das Todesschicksal der Menschen gewonnen. Die Sehnsucht nach Unsterblichkeit ist nichtig.<\/p>\n<p>&nbsp;<\/p>\n<p>Da Gilgamesch zwar zu zwei Dritteln Gott ist, zu einem Drittel aber Mensch, muss er nun um dieses einen Drittels willen selbst sterben.<\/p>\n<p>&nbsp;<\/p>\n<p>Auf der letzten der insgesamt 12 Tafeln wird berichtet, wie Enkidu \u2013 der ja bereits gestorben ist \u2013 in die Unterwelt steigt und dort festgehalten wird. Gilgamesch bittet die G\u00f6tter, ihm bei der Befreiung des Freundes zu helfen, und Enki, der Herr der Erde, erbarmt sich seiner und l\u00e4sst Enkidu durch ein Loch aus der Erde entweichen.<\/p>\n<p>&nbsp;<\/p>\n<p>Wir begegnen im Gilgamesch-Epos einem neuen Typus des Helden. Der Halbgott verliert in jenem Moment seine Unsterblichkeit, als er die menschliche Freundschaft entdeckt. Es gibt keinen Unterschied mehr zwischen Mensch und Halbgott. Damit n\u00e4hert sich der Mensch einerseits den G\u00f6ttern an, andererseits stellt er sie auf eine Stufe mit seiner Art.[\/vc_column_text][\/vc_column][\/vc_row]<\/p>\n","protected":false},"excerpt":{"rendered":"<p>[vc_row css_animation=&#8221;&#8221; row_type=&#8221;row&#8221; use_row_as_full_screen_section=&#8221;no&#8221; type=&#8221;full_width&#8221; angled_section=&#8221;no&#8221; text_align=&#8221;left&#8221; background_image_as_pattern=&#8221;without_pattern&#8221; css=&#8221;.vc_custom_1647981875162{margin-top: 32px !important;margin-bottom: 32px !important;}&#8221; z_index=&#8221;&#8221;][vc_column css=&#8221;.vc_custom_1646430017339{margin-right: 16px !important;}&#8221;][vc_column_text] GILGAMESCH &#8211; EPOS 2020 [\/vc_column_text][vc_separator type=&#8221;normal&#8221; color=&#8221;#e8e8e8&#8243;][\/vc_column][\/vc_row][vc_row css_animation=&#8221;&#8221; row_type=&#8221;row&#8221; use_row_as_full_screen_section=&#8221;no&#8221; type=&#8221;full_width&#8221; angled_section=&#8221;no&#8221; text_align=&#8221;left&#8221; background_image_as_pattern=&#8221;without_pattern&#8221; z_index=&#8221;&#8221;][vc_column width=&#8221;1\/2&#8243; css=&#8221;.vc_custom_1647812082051{margin-bottom: 32px !important;}&#8221;][vc_single_image image=&#8221;207&#8243; img_size=&#8221;600&#215;749&#8243; add_caption=&#8221;yes&#8221; style=&#8221;vc_box_shadow&#8221; qode_css_animation=&#8221;&#8221;][\/vc_column][vc_column width=&#8221;1\/2&#8243; css=&#8221;.vc_custom_1647812091241{margin-bottom: 32px !important;}&#8221;][vc_column_text&#8230;<\/p>\n","protected":false},"author":1,"featured_media":0,"parent":0,"menu_order":0,"comment_status":"closed","ping_status":"closed","template":"","meta":{"footnotes":""},"class_list":["post-446","page","type-page","status-publish","hentry"],"yoast_head":"<!-- This site is optimized with the Yoast SEO plugin v27.3 - https:\/\/yoast.com\/product\/yoast-seo-wordpress\/ -->\n<title>Enkidu \/ Waldmensch - Asl\u0131 Filiz<\/title>\n<meta name=\"description\" content=\"Gilgamesch (2750\u20132600 v. Chr.) ist zu zwei Dritteln Gott und zu einem Drittel Mensch. Die Kunstweberin Anil Asl\u0131 Filiz...\" \/>\n<meta name=\"robots\" content=\"index, follow, max-snippet:-1, max-image-preview:large, max-video-preview:-1\" \/>\n<link rel=\"canonical\" href=\"https:\/\/aslifiliz.com\/de\/enkidu-waldmensch\/\" \/>\n<meta property=\"og:locale\" content=\"tr_TR\" \/>\n<meta property=\"og:type\" content=\"article\" \/>\n<meta property=\"og:title\" content=\"Enkidu \/ Waldmensch - Asl\u0131 Filiz\" \/>\n<meta property=\"og:description\" content=\"Gilgamesch (2750\u20132600 v. Chr.) ist zu zwei Dritteln Gott und zu einem Drittel Mensch. Die Kunstweberin Anil Asl\u0131 Filiz...\" \/>\n<meta property=\"og:url\" content=\"https:\/\/aslifiliz.com\/de\/enkidu-waldmensch\/\" \/>\n<meta property=\"og:site_name\" content=\"Asl\u0131 Filiz\" \/>\n<meta property=\"article:modified_time\" content=\"2022-03-27T20:47:50+00:00\" \/>\n<meta name=\"twitter:card\" content=\"summary_large_image\" \/>\n<meta name=\"twitter:label1\" content=\"Tahmini okuma s\u00fcresi\" \/>\n\t<meta name=\"twitter:data1\" content=\"3 dakika\" \/>\n<script type=\"application\/ld+json\" class=\"yoast-schema-graph\">{\"@context\":\"https:\\\/\\\/schema.org\",\"@graph\":[{\"@type\":\"WebPage\",\"@id\":\"https:\\\/\\\/aslifiliz.com\\\/de\\\/enkidu-waldmensch\\\/\",\"url\":\"https:\\\/\\\/aslifiliz.com\\\/de\\\/enkidu-waldmensch\\\/\",\"name\":\"Enkidu \\\/ Waldmensch - Asl\u0131 Filiz\",\"isPartOf\":{\"@id\":\"https:\\\/\\\/aslifiliz.com\\\/de\\\/#website\"},\"datePublished\":\"2022-03-25T09:21:48+00:00\",\"dateModified\":\"2022-03-27T20:47:50+00:00\",\"description\":\"Gilgamesch (2750\u20132600 v. Chr.) ist zu zwei Dritteln Gott und zu einem Drittel Mensch. Die Kunstweberin Anil Asl\u0131 Filiz...\",\"breadcrumb\":{\"@id\":\"https:\\\/\\\/aslifiliz.com\\\/de\\\/enkidu-waldmensch\\\/#breadcrumb\"},\"inLanguage\":\"tr\",\"potentialAction\":[{\"@type\":\"ReadAction\",\"target\":[\"https:\\\/\\\/aslifiliz.com\\\/de\\\/enkidu-waldmensch\\\/\"]}]},{\"@type\":\"BreadcrumbList\",\"@id\":\"https:\\\/\\\/aslifiliz.com\\\/de\\\/enkidu-waldmensch\\\/#breadcrumb\",\"itemListElement\":[{\"@type\":\"ListItem\",\"position\":1,\"name\":\"Home\",\"item\":\"https:\\\/\\\/aslifiliz.com\\\/de\\\/\"},{\"@type\":\"ListItem\",\"position\":2,\"name\":\"Enkidu \\\/ Waldmensch\"}]},{\"@type\":\"WebSite\",\"@id\":\"https:\\\/\\\/aslifiliz.com\\\/de\\\/#website\",\"url\":\"https:\\\/\\\/aslifiliz.com\\\/de\\\/\",\"name\":\"Asl\u0131 Filiz\",\"description\":\"Kunst und Grafikdesign\",\"potentialAction\":[{\"@type\":\"SearchAction\",\"target\":{\"@type\":\"EntryPoint\",\"urlTemplate\":\"https:\\\/\\\/aslifiliz.com\\\/de\\\/?s={search_term_string}\"},\"query-input\":{\"@type\":\"PropertyValueSpecification\",\"valueRequired\":true,\"valueName\":\"search_term_string\"}}],\"inLanguage\":\"tr\"}]}<\/script>\n<!-- \/ Yoast SEO plugin. -->","yoast_head_json":{"title":"Enkidu \/ Waldmensch - Asl\u0131 Filiz","description":"Gilgamesch (2750\u20132600 v. Chr.) ist zu zwei Dritteln Gott und zu einem Drittel Mensch. Die Kunstweberin Anil Asl\u0131 Filiz...","robots":{"index":"index","follow":"follow","max-snippet":"max-snippet:-1","max-image-preview":"max-image-preview:large","max-video-preview":"max-video-preview:-1"},"canonical":"https:\/\/aslifiliz.com\/de\/enkidu-waldmensch\/","og_locale":"tr_TR","og_type":"article","og_title":"Enkidu \/ Waldmensch - Asl\u0131 Filiz","og_description":"Gilgamesch (2750\u20132600 v. Chr.) ist zu zwei Dritteln Gott und zu einem Drittel Mensch. Die Kunstweberin Anil Asl\u0131 Filiz...","og_url":"https:\/\/aslifiliz.com\/de\/enkidu-waldmensch\/","og_site_name":"Asl\u0131 Filiz","article_modified_time":"2022-03-27T20:47:50+00:00","twitter_card":"summary_large_image","twitter_misc":{"Tahmini okuma s\u00fcresi":"3 dakika"},"schema":{"@context":"https:\/\/schema.org","@graph":[{"@type":"WebPage","@id":"https:\/\/aslifiliz.com\/de\/enkidu-waldmensch\/","url":"https:\/\/aslifiliz.com\/de\/enkidu-waldmensch\/","name":"Enkidu \/ Waldmensch - Asl\u0131 Filiz","isPartOf":{"@id":"https:\/\/aslifiliz.com\/de\/#website"},"datePublished":"2022-03-25T09:21:48+00:00","dateModified":"2022-03-27T20:47:50+00:00","description":"Gilgamesch (2750\u20132600 v. Chr.) ist zu zwei Dritteln Gott und zu einem Drittel Mensch. Die Kunstweberin Anil Asl\u0131 Filiz...","breadcrumb":{"@id":"https:\/\/aslifiliz.com\/de\/enkidu-waldmensch\/#breadcrumb"},"inLanguage":"tr","potentialAction":[{"@type":"ReadAction","target":["https:\/\/aslifiliz.com\/de\/enkidu-waldmensch\/"]}]},{"@type":"BreadcrumbList","@id":"https:\/\/aslifiliz.com\/de\/enkidu-waldmensch\/#breadcrumb","itemListElement":[{"@type":"ListItem","position":1,"name":"Home","item":"https:\/\/aslifiliz.com\/de\/"},{"@type":"ListItem","position":2,"name":"Enkidu \/ Waldmensch"}]},{"@type":"WebSite","@id":"https:\/\/aslifiliz.com\/de\/#website","url":"https:\/\/aslifiliz.com\/de\/","name":"Asl\u0131 Filiz","description":"Kunst und Grafikdesign","potentialAction":[{"@type":"SearchAction","target":{"@type":"EntryPoint","urlTemplate":"https:\/\/aslifiliz.com\/de\/?s={search_term_string}"},"query-input":{"@type":"PropertyValueSpecification","valueRequired":true,"valueName":"search_term_string"}}],"inLanguage":"tr"}]}},"_links":{"self":[{"href":"https:\/\/aslifiliz.com\/de\/wp-json\/wp\/v2\/pages\/446","targetHints":{"allow":["GET"]}}],"collection":[{"href":"https:\/\/aslifiliz.com\/de\/wp-json\/wp\/v2\/pages"}],"about":[{"href":"https:\/\/aslifiliz.com\/de\/wp-json\/wp\/v2\/types\/page"}],"author":[{"embeddable":true,"href":"https:\/\/aslifiliz.com\/de\/wp-json\/wp\/v2\/users\/1"}],"replies":[{"embeddable":true,"href":"https:\/\/aslifiliz.com\/de\/wp-json\/wp\/v2\/comments?post=446"}],"version-history":[{"count":2,"href":"https:\/\/aslifiliz.com\/de\/wp-json\/wp\/v2\/pages\/446\/revisions"}],"predecessor-version":[{"id":513,"href":"https:\/\/aslifiliz.com\/de\/wp-json\/wp\/v2\/pages\/446\/revisions\/513"}],"wp:attachment":[{"href":"https:\/\/aslifiliz.com\/de\/wp-json\/wp\/v2\/media?parent=446"}],"curies":[{"name":"wp","href":"https:\/\/api.w.org\/{rel}","templated":true}]}}