{"id":466,"date":"2022-03-25T12:35:52","date_gmt":"2022-03-25T09:35:52","guid":{"rendered":"https:\/\/aslifiliz.com\/de\/?page_id=466"},"modified":"2022-09-21T14:39:24","modified_gmt":"2022-09-21T11:39:24","slug":"musa-anter-onkel-musa","status":"publish","type":"page","link":"https:\/\/aslifiliz.com\/de\/musa-anter-onkel-musa\/","title":{"rendered":"Musa Anter \/ Onkel Musa"},"content":{"rendered":"<p>[vc_row css_animation=&#8221;&#8221; row_type=&#8221;row&#8221; use_row_as_full_screen_section=&#8221;no&#8221; type=&#8221;full_width&#8221; angled_section=&#8221;no&#8221; text_align=&#8221;left&#8221; background_image_as_pattern=&#8221;without_pattern&#8221; css=&#8221;.vc_custom_1647981875162{margin-top: 32px !important;margin-bottom: 32px !important;}&#8221; z_index=&#8221;&#8221;][vc_column css=&#8221;.vc_custom_1646430017339{margin-right: 16px !important;}&#8221;][vc_column_text]<\/p>\n<h5>MUSA ANTER &#8211; 2020<\/h5>\n<p>[\/vc_column_text][vc_separator type=&#8221;normal&#8221; color=&#8221;#e8e8e8&#8243;][\/vc_column][\/vc_row][vc_row css_animation=&#8221;&#8221; row_type=&#8221;row&#8221; use_row_as_full_screen_section=&#8221;no&#8221; type=&#8221;full_width&#8221; angled_section=&#8221;no&#8221; text_align=&#8221;left&#8221; background_image_as_pattern=&#8221;without_pattern&#8221; z_index=&#8221;&#8221;][vc_column width=&#8221;1\/2&#8243; css=&#8221;.vc_custom_1647812082051{margin-bottom: 32px !important;}&#8221;][vc_single_image image=&#8221;216&#8243; img_size=&#8221;600&#215;749&#8243; add_caption=&#8221;yes&#8221; style=&#8221;vc_box_shadow&#8221; qode_css_animation=&#8221;&#8221;][\/vc_column][vc_column width=&#8221;1\/2&#8243; css=&#8221;.vc_custom_1647812091241{margin-bottom: 32px !important;}&#8221;]<div class=\"q_icon_list\"><i class=\"qode_icon_font_awesome fa fa-paint-brush qode-ili-icon-holder circle\" style=\"color: #a0a0a0;background-color: #ffffff;\" ><\/i><p style=\"color:#a0a0a0;\">Musa Anter - 1<\/p><\/div><div class=\"q_icon_list\"><i class=\"qode_icon_font_awesome fa fa-minus qode-ili-icon-holder circle\" style=\"color: #a0a0a0;background-color: #ffffff;\" ><\/i><p style=\"color:#a0a0a0;\">Grafische Arbeit \/ Ill\u00fcstrasyon<\/p><\/div><div class=\"q_icon_list\"><i class=\"qode_icon_font_awesome fa fa-minus qode-ili-icon-holder circle\" style=\"color: #a0a0a0;background-color: #ffffff;\" ><\/i><p style=\"color:#a0a0a0;\">Rahmen: 52\u00d772 cm<\/p><\/div><div class=\"q_icon_list\"><i class=\"qode_icon_font_awesome fa fa-minus qode-ili-icon-holder circle\" style=\"color: #a0a0a0;background-color: #ffffff;\" ><\/i><p style=\"color:#a0a0a0;\">Bild: 30\u00d742 cm<\/p><\/div>[vc_column_text css=&#8221;.vc_custom_1648202385579{margin-bottom: 16px !important;}&#8221;]<\/p>\n<h4>MUSA ANTER \/ ONKEL MUSA<\/h4>\n<p>[\/vc_column_text][vc_column_text]Musa Anter (Ap\u00ea M\u00fbsa) genannt, war ein kurdischer Schriftsteller und Intellektueller. Er kam 1920 in dem Dorf Eskima\u011fara (ehemals Ziving\u00ea) bei Nusaybin in der t\u00fcrkischen Provinz Mardin in \u00e4rmlichen Verh\u00e4ltnissen zur Welt. Sein Vater starb, als er noch ein Kind war. Der Name seines Vaters Anter wurde zum sp\u00e4teren Familiennamen. Er wuchs bei seiner Mutter auf.<\/p>\n<p>&nbsp;<\/p>\n<p>An der Universit\u00e4t begannen seine politischen Aktivit\u00e4ten. In den 1950er Jahren gab es kurdischsprachige Radiosendungen aus Jerewan und Kairo. Er wurde zum Herausgeber von mehreren Zeitschriften, die sich mit der kurdischen Problematik besch\u00e4ftigten, unter anderem Ileri Yurt in Diyarbak\u0131r. Ileri Yurt war seit Jahrzehnten wieder die erste Zeitschrift, die sich mit den Kurden besch\u00e4ftigte. Wegen seiner Artikel in Ileri Yurt wurden mehrfach Ermittlungen gegen ihn aufgenommen. Besonderes Aufsehen erregte die Strafverfolgung bez\u00fcglich der Publizierung des Gedichts Qimil, das in kurdischer Sprache ver\u00f6ffentlicht wurde. Die Staatsmedien kritisierten die Publizierung eines Gedichts in kurdischer Sprache. Die Strafverfolgung brachte ihm aber viel Sympathie und Unterst\u00fctzung von der Kurdischen Bewegung ein. Am 17. Dezember 1959 wurde er zusammen mit 48 anderen verhaftet. Dieser Prozess der 49 trug dazu bei, die kurdische Frage \u00f6ffentlich bewusst zu machen.<\/p>\n<p>&nbsp;<\/p>\n<p>1971 wurde er erneut verhaftet und im Milit\u00e4rgef\u00e4ngnis von Diyarbakir inhaftiert.[2] 1976 kehrte er in sein Dorf zur\u00fcck und blieb dort bis 1989. 1979 wurde Anter ein weiteres Mal verhaftet. Schlie\u00dflich kehrte er nach Istanbul zur\u00fcck und schrieb weiterhin f\u00fcr kurdische Zeitschriften wie Welat (Heimat), \u00dclke (Land), \u00d6zgur G\u00fcndem (Freie Tagesordnung) und \u00d6zgur \u00dclke (Freies Land).In Istanbul war er Mitbegr\u00fcnder der prokurdischen HEP, der Vorg\u00e4ngerin der DTP und des Kurdischen Instituts Istanbul.<\/p>\n<p>&nbsp;<\/p>\n<p>20. September 1992 in Diyarbak\u0131r aus dem Hotel gelockt und erschossen. Sein Grab befi ndet sich im Landkreis Nusaybin der Provinz Mardin. Abd\u00fclkadir Aygan, der an der Entf\u00fchrung beteiligt war, berichtete, dass der J\u0130TEM hinter der Ermordung Musa Anters stecke.<\/p>\n<p>&nbsp;<\/p>\n<p>Insgesamt verbrachte er 11,5 Jahre seines Lebens in Gef\u00e4ngnissen: Angefangen als Jugendlicher 1937, w\u00e4hrend des Dersim-Aufstandes, bis 1990, als er das letzte Mal im Gef\u00e4ngnis war.[\/vc_column_text][\/vc_column][\/vc_row]<\/p>\n","protected":false},"excerpt":{"rendered":"<p>[vc_row css_animation=&#8221;&#8221; row_type=&#8221;row&#8221; use_row_as_full_screen_section=&#8221;no&#8221; type=&#8221;full_width&#8221; angled_section=&#8221;no&#8221; text_align=&#8221;left&#8221; background_image_as_pattern=&#8221;without_pattern&#8221; css=&#8221;.vc_custom_1647981875162{margin-top: 32px !important;margin-bottom: 32px !important;}&#8221; z_index=&#8221;&#8221;][vc_column css=&#8221;.vc_custom_1646430017339{margin-right: 16px !important;}&#8221;][vc_column_text] MUSA ANTER &#8211; 2020 [\/vc_column_text][vc_separator type=&#8221;normal&#8221; color=&#8221;#e8e8e8&#8243;][\/vc_column][\/vc_row][vc_row css_animation=&#8221;&#8221; row_type=&#8221;row&#8221; use_row_as_full_screen_section=&#8221;no&#8221; type=&#8221;full_width&#8221; angled_section=&#8221;no&#8221; text_align=&#8221;left&#8221; background_image_as_pattern=&#8221;without_pattern&#8221; z_index=&#8221;&#8221;][vc_column width=&#8221;1\/2&#8243; css=&#8221;.vc_custom_1647812082051{margin-bottom: 32px !important;}&#8221;][vc_single_image image=&#8221;216&#8243; img_size=&#8221;600&#215;749&#8243; add_caption=&#8221;yes&#8221; style=&#8221;vc_box_shadow&#8221; qode_css_animation=&#8221;&#8221;][\/vc_column][vc_column width=&#8221;1\/2&#8243; css=&#8221;.vc_custom_1647812091241{margin-bottom: 32px !important;}&#8221;][vc_column_text&#8230;<\/p>\n","protected":false},"author":1,"featured_media":0,"parent":0,"menu_order":0,"comment_status":"closed","ping_status":"closed","template":"","meta":{"footnotes":""},"class_list":["post-466","page","type-page","status-publish","hentry"],"yoast_head":"<!-- This site is optimized with the Yoast SEO plugin v27.3 - https:\/\/yoast.com\/product\/yoast-seo-wordpress\/ -->\n<title>Musa Anter \/ Onkel Musa - Asl\u0131 Filiz<\/title>\n<meta name=\"description\" content=\"Musa Anter (Ap\u00ea M\u00fbsa) genannt, war ein kurdischer Schriftsteller und Intellektueller. Die Kunstweberin Anil Asl\u0131 Filiz...\" \/>\n<meta name=\"robots\" content=\"index, follow, max-snippet:-1, max-image-preview:large, max-video-preview:-1\" \/>\n<link rel=\"canonical\" href=\"https:\/\/aslifiliz.com\/de\/musa-anter-onkel-musa\/\" \/>\n<meta property=\"og:locale\" content=\"tr_TR\" \/>\n<meta property=\"og:type\" content=\"article\" \/>\n<meta property=\"og:title\" content=\"Musa Anter \/ Onkel Musa - Asl\u0131 Filiz\" \/>\n<meta property=\"og:description\" content=\"Musa Anter (Ap\u00ea M\u00fbsa) genannt, war ein kurdischer Schriftsteller und Intellektueller. Die Kunstweberin Anil Asl\u0131 Filiz...\" \/>\n<meta property=\"og:url\" content=\"https:\/\/aslifiliz.com\/de\/musa-anter-onkel-musa\/\" \/>\n<meta property=\"og:site_name\" content=\"Asl\u0131 Filiz\" \/>\n<meta property=\"article:modified_time\" content=\"2022-09-21T11:39:24+00:00\" \/>\n<meta name=\"twitter:card\" content=\"summary_large_image\" \/>\n<meta name=\"twitter:label1\" content=\"Tahmini okuma s\u00fcresi\" \/>\n\t<meta name=\"twitter:data1\" content=\"3 dakika\" \/>\n<script type=\"application\/ld+json\" class=\"yoast-schema-graph\">{\"@context\":\"https:\\\/\\\/schema.org\",\"@graph\":[{\"@type\":\"WebPage\",\"@id\":\"https:\\\/\\\/aslifiliz.com\\\/de\\\/musa-anter-onkel-musa\\\/\",\"url\":\"https:\\\/\\\/aslifiliz.com\\\/de\\\/musa-anter-onkel-musa\\\/\",\"name\":\"Musa Anter \\\/ Onkel Musa - Asl\u0131 Filiz\",\"isPartOf\":{\"@id\":\"https:\\\/\\\/aslifiliz.com\\\/de\\\/#website\"},\"datePublished\":\"2022-03-25T09:35:52+00:00\",\"dateModified\":\"2022-09-21T11:39:24+00:00\",\"description\":\"Musa Anter (Ap\u00ea M\u00fbsa) genannt, war ein kurdischer Schriftsteller und Intellektueller. Die Kunstweberin Anil Asl\u0131 Filiz...\",\"breadcrumb\":{\"@id\":\"https:\\\/\\\/aslifiliz.com\\\/de\\\/musa-anter-onkel-musa\\\/#breadcrumb\"},\"inLanguage\":\"tr\",\"potentialAction\":[{\"@type\":\"ReadAction\",\"target\":[\"https:\\\/\\\/aslifiliz.com\\\/de\\\/musa-anter-onkel-musa\\\/\"]}]},{\"@type\":\"BreadcrumbList\",\"@id\":\"https:\\\/\\\/aslifiliz.com\\\/de\\\/musa-anter-onkel-musa\\\/#breadcrumb\",\"itemListElement\":[{\"@type\":\"ListItem\",\"position\":1,\"name\":\"Home\",\"item\":\"https:\\\/\\\/aslifiliz.com\\\/de\\\/\"},{\"@type\":\"ListItem\",\"position\":2,\"name\":\"Musa Anter \\\/ Onkel Musa\"}]},{\"@type\":\"WebSite\",\"@id\":\"https:\\\/\\\/aslifiliz.com\\\/de\\\/#website\",\"url\":\"https:\\\/\\\/aslifiliz.com\\\/de\\\/\",\"name\":\"Asl\u0131 Filiz\",\"description\":\"Kunst und Grafikdesign\",\"potentialAction\":[{\"@type\":\"SearchAction\",\"target\":{\"@type\":\"EntryPoint\",\"urlTemplate\":\"https:\\\/\\\/aslifiliz.com\\\/de\\\/?s={search_term_string}\"},\"query-input\":{\"@type\":\"PropertyValueSpecification\",\"valueRequired\":true,\"valueName\":\"search_term_string\"}}],\"inLanguage\":\"tr\"}]}<\/script>\n<!-- \/ Yoast SEO plugin. -->","yoast_head_json":{"title":"Musa Anter \/ Onkel Musa - Asl\u0131 Filiz","description":"Musa Anter (Ap\u00ea M\u00fbsa) genannt, war ein kurdischer Schriftsteller und Intellektueller. Die Kunstweberin Anil Asl\u0131 Filiz...","robots":{"index":"index","follow":"follow","max-snippet":"max-snippet:-1","max-image-preview":"max-image-preview:large","max-video-preview":"max-video-preview:-1"},"canonical":"https:\/\/aslifiliz.com\/de\/musa-anter-onkel-musa\/","og_locale":"tr_TR","og_type":"article","og_title":"Musa Anter \/ Onkel Musa - Asl\u0131 Filiz","og_description":"Musa Anter (Ap\u00ea M\u00fbsa) genannt, war ein kurdischer Schriftsteller und Intellektueller. Die Kunstweberin Anil Asl\u0131 Filiz...","og_url":"https:\/\/aslifiliz.com\/de\/musa-anter-onkel-musa\/","og_site_name":"Asl\u0131 Filiz","article_modified_time":"2022-09-21T11:39:24+00:00","twitter_card":"summary_large_image","twitter_misc":{"Tahmini okuma s\u00fcresi":"3 dakika"},"schema":{"@context":"https:\/\/schema.org","@graph":[{"@type":"WebPage","@id":"https:\/\/aslifiliz.com\/de\/musa-anter-onkel-musa\/","url":"https:\/\/aslifiliz.com\/de\/musa-anter-onkel-musa\/","name":"Musa Anter \/ Onkel Musa - Asl\u0131 Filiz","isPartOf":{"@id":"https:\/\/aslifiliz.com\/de\/#website"},"datePublished":"2022-03-25T09:35:52+00:00","dateModified":"2022-09-21T11:39:24+00:00","description":"Musa Anter (Ap\u00ea M\u00fbsa) genannt, war ein kurdischer Schriftsteller und Intellektueller. Die Kunstweberin Anil Asl\u0131 Filiz...","breadcrumb":{"@id":"https:\/\/aslifiliz.com\/de\/musa-anter-onkel-musa\/#breadcrumb"},"inLanguage":"tr","potentialAction":[{"@type":"ReadAction","target":["https:\/\/aslifiliz.com\/de\/musa-anter-onkel-musa\/"]}]},{"@type":"BreadcrumbList","@id":"https:\/\/aslifiliz.com\/de\/musa-anter-onkel-musa\/#breadcrumb","itemListElement":[{"@type":"ListItem","position":1,"name":"Home","item":"https:\/\/aslifiliz.com\/de\/"},{"@type":"ListItem","position":2,"name":"Musa Anter \/ Onkel Musa"}]},{"@type":"WebSite","@id":"https:\/\/aslifiliz.com\/de\/#website","url":"https:\/\/aslifiliz.com\/de\/","name":"Asl\u0131 Filiz","description":"Kunst und Grafikdesign","potentialAction":[{"@type":"SearchAction","target":{"@type":"EntryPoint","urlTemplate":"https:\/\/aslifiliz.com\/de\/?s={search_term_string}"},"query-input":{"@type":"PropertyValueSpecification","valueRequired":true,"valueName":"search_term_string"}}],"inLanguage":"tr"}]}},"_links":{"self":[{"href":"https:\/\/aslifiliz.com\/de\/wp-json\/wp\/v2\/pages\/466","targetHints":{"allow":["GET"]}}],"collection":[{"href":"https:\/\/aslifiliz.com\/de\/wp-json\/wp\/v2\/pages"}],"about":[{"href":"https:\/\/aslifiliz.com\/de\/wp-json\/wp\/v2\/types\/page"}],"author":[{"embeddable":true,"href":"https:\/\/aslifiliz.com\/de\/wp-json\/wp\/v2\/users\/1"}],"replies":[{"embeddable":true,"href":"https:\/\/aslifiliz.com\/de\/wp-json\/wp\/v2\/comments?post=466"}],"version-history":[{"count":6,"href":"https:\/\/aslifiliz.com\/de\/wp-json\/wp\/v2\/pages\/466\/revisions"}],"predecessor-version":[{"id":520,"href":"https:\/\/aslifiliz.com\/de\/wp-json\/wp\/v2\/pages\/466\/revisions\/520"}],"wp:attachment":[{"href":"https:\/\/aslifiliz.com\/de\/wp-json\/wp\/v2\/media?parent=466"}],"curies":[{"name":"wp","href":"https:\/\/api.w.org\/{rel}","templated":true}]}}