{"id":561,"date":"2022-03-30T01:10:47","date_gmt":"2022-03-29T22:10:47","guid":{"rendered":"https:\/\/aslifiliz.com\/de\/?page_id=561"},"modified":"2022-03-30T01:10:47","modified_gmt":"2022-03-29T22:10:47","slug":"vermisstes-madchen-mutter-tot","status":"publish","type":"page","link":"https:\/\/aslifiliz.com\/de\/vermisstes-madchen-mutter-tot\/","title":{"rendered":"Vermisstes M\u00e4dchen, Mutter tot"},"content":{"rendered":"<p>[vc_row css_animation=&#8221;&#8221; row_type=&#8221;row&#8221; use_row_as_full_screen_section=&#8221;no&#8221; type=&#8221;full_width&#8221; angled_section=&#8221;no&#8221; text_align=&#8221;left&#8221; background_image_as_pattern=&#8221;without_pattern&#8221; css=&#8221;.vc_custom_1647981875162{margin-top: 32px !important;margin-bottom: 32px !important;}&#8221; z_index=&#8221;&#8221;][vc_column css=&#8221;.vc_custom_1646430017339{margin-right: 16px !important;}&#8221;][vc_column_text]<\/p>\n<div class=\"wpb_text_column wpb_content_element \">\n<div class=\"wpb_wrapper\">\n<h5>DIE VERSCHWUNDENEN M\u00c4DCHEN VON DERS\u0130M \u2013 2021<\/h5>\n<\/div>\n<\/div>\n<p>[\/vc_column_text][vc_separator type=&#8221;normal&#8221; color=&#8221;#e8e8e8&#8243;][\/vc_column][\/vc_row][vc_row css_animation=&#8221;&#8221; row_type=&#8221;row&#8221; use_row_as_full_screen_section=&#8221;no&#8221; type=&#8221;full_width&#8221; angled_section=&#8221;no&#8221; text_align=&#8221;left&#8221; background_image_as_pattern=&#8221;without_pattern&#8221; z_index=&#8221;&#8221;][vc_column width=&#8221;1\/2&#8243; css=&#8221;.vc_custom_1647812082051{margin-bottom: 32px !important;}&#8221;][vc_single_image image=&#8221;228&#8243; img_size=&#8221;600&#215;749&#8243; add_caption=&#8221;yes&#8221; style=&#8221;vc_box_shadow&#8221; qode_css_animation=&#8221;&#8221;][\/vc_column][vc_column width=&#8221;1\/2&#8243; css=&#8221;.vc_custom_1647812091241{margin-bottom: 32px !important;}&#8221;]<div class=\"q_icon_list\"><i class=\"qode_icon_font_awesome fa fa-paint-brush qode-ili-icon-holder circle\" style=\"color: #a0a0a0;background-color: #ffffff;\" ><\/i><p style=\"color:#a0a0a0;\">Vermisstes M\u00e4dchen, Mutter tot<\/p><\/div><div class=\"q_icon_list\"><i class=\"qode_icon_font_awesome fa fa-minus qode-ili-icon-holder circle\" style=\"color: #a0a0a0;background-color: #ffffff;\" ><\/i><p style=\"color:#a0a0a0;\">Acrylfarben<\/p><\/div><div class=\"q_icon_list\"><i class=\"qode_icon_font_awesome fa fa-minus qode-ili-icon-holder circle\" style=\"color: #a0a0a0;background-color: #ffffff;\" ><\/i><p style=\"color:#a0a0a0;\">Rahmen: 52x72 cm<\/p><\/div><div class=\"q_icon_list\"><i class=\"qode_icon_font_awesome fa fa-minus qode-ili-icon-holder circle\" style=\"color: #a0a0a0;background-color: #ffffff;\" ><\/i><p style=\"color:#a0a0a0;\">Bild: 30x42 cm<\/p><\/div>[vc_column_text css=&#8221;.vc_custom_1648584502215{margin-bottom: 16px !important;}&#8221;]<\/p>\n<h4>Nezahat G\u00fcndo\u011fan \/ Regisseur<\/h4>\n<p>[\/vc_column_text][vc_column_text]Unter dem Vorwand, eine Rebellion zu zerschlagen, ver\u00fcbte der t\u00fcrkische Staat in den Jahren 1937-38 in Dersim (Tunceli) ein gro\u00dfes Massaker. Dabei wurden Zehntausende get\u00f6tet, ohne Unterschied zwischen M\u00e4nnern, Frauen oder Kindern. Tausende Familien wurden in die westt\u00fcrkischen Provinzen zwangsumgesiedelt. Von da an bildeten sowohl diese Massaker als auch die Geschichte Dersims ein Tabuthema in der T\u00fcrkei. In der offiziellen Geschichtsschreibung fanden diese Ereignisse entweder als \u201ckurdischer Aufstand\u201d oder als \u201cfeudaler Aufstand\u201d Erw\u00e4hnung. Es gab zwar auch unabh\u00e4ngige Forscher, die die Ereignisse in Dersim untersuchten. Aber selbst in Arbeiten, die eine von der offiziellen Geschichtsschreibung abweichende Perspektive aufwiesen, wurden die Opfer von Dersim als Verluste dargestellt, die sich im Verlaufe der Zerschlagung des \u201ckurdischen Aufstandes\u201d angeblich zwangl\u00e4ufi g ergaben. Eine solche E\u0131nsch\u00e4tzung erfolgte selbst dann, wenn die Ereignisse als Massaker eingestuft wurden. Obwohl wir dank der alternativen Forschungsarbeiten der letzten Jahre viel mehr \u00fcber das Schicksal der bei dieser milit\u00e4rischen Intervention ermordeten und zwangsumgesiedelten Bev\u00f6lkerung von Dersim erfahren haben, blieb das Schicksal der M\u00e4dchen, die die Massaker \u00fcberlebten und von Offizieren weggebracht wurden, unbekannt. Zusammen mit Kaz\u0131m G\u00fcndo\u011fan haben wir im Rahmen unserer Feldforschung aufgedeckt, dass M\u00e4dchen aus Dersim an Angeh\u00f6rige der milit\u00e4rischen und zivilen B\u00fcrokratie verteilt wurden. Ziel dieser Ma\u00dfnahme war es, die alevitischkurdischen, zazaischen und armenischen M\u00e4dchen an die t\u00fcrkisch-islamische Kultur zu assimilieren. Anhand unserer Forschungsarbeit von 2009, die wir \u201cDie verschwundenen M\u00e4dchen von Dersim\u201d genannt haben, haben wir das Schicksal dieser M\u00e4dchen \u00f6ffentlich gemacht und auch die Tatsache, dass es sich bei den Ereignissen in Dersim 1937-38 um Massaker handelt, wieder auf die Tagesordnung gesetzt.[\/vc_column_text][vc_column_text css=&#8221;.vc_custom_1648586003622{margin-top: 16px !important;margin-bottom: 16px !important;}&#8221;]<\/p>\n<h4>Der Fluss Munzur Blutete<\/h4>\n<p>[\/vc_column_text][vc_column_text]An der Operation nahmen 40.000 Soldaten teil. Die Luft- und Landstreitkr\u00e4fte setzten schwere Waffen ein. Die D\u00f6rfer wurden bombardiert, niedergebrannt, die Dorfbewohner zusammengetrieben und erschossen, von Klippen gesto\u00dfen oder angez\u00fcndet und ermordet. Gegen Frauen, Kinder und M\u00e4nner, die sich in den H\u00f6hlen versteckten, setzte man Giftgas ein. Die genaue Zahl der Get\u00f6teten und Deportierten von Dersim ist nicht bekannt.[\/vc_column_text][vc_column_text css=&#8221;.vc_custom_1648592414070{margin-top: 16px !important;margin-bottom: 16px !important;}&#8221;]<\/p>\n<h4>DIE GET\u00d6TEN KURDEN WURDEN IN DEN<br \/>\nMUNZUR-FLUSS GEWORFEN UND DER<br \/>\nMUNZUR LIEF ROT<\/h4>\n<p>[\/vc_column_text][vc_column_text css=&#8221;.vc_custom_1648585649700{margin-bottom: 16px !important;}&#8221;]<\/p>\n<h4>Dersim im staatlichen Diskurs<\/h4>\n<p>[\/vc_column_text][vc_column_text]Dersim war gegen Ende des 19. und zu Beginn des 20. Jahrhunderts eine Region, in der verschiedene Ethnien wie z.B. Armenier, Kurden, Zaza und Turkmenen sowie unterschiedliche Religionen beheimatet waren, wobei die alevitische Bev\u00f6lkerungsgruppe dominierte. Gerade weil die Mehrheit der Bev\u00f6lkerung von Dersim nicht zum sunnitischen Islam geh\u00f6rte, blieb Dersim innerhalb des sunnitisch gepr\u00e4gten osmanischen Staates und auch im Laufe des gewaltsamen Entstehungsprozesses des t\u00fcrkischen Nationalstaates eine ausgegrenzte und diskriminierte Region. Das Bestreben, das Gebiet und seine Bev\u00f6lkerungsgruppen unter Kontrolle zu bringen, das seit Beginn der osmanischen \u00c4ra pr\u00e4sent war, vermengte sich nach der Gr\u00fcndung der t\u00fcrkischen Republik mit der nationalistischen Ideologie, so dass die Staatspolitik der Assimilation noch systematischer und rigoroser angewendet wurde.<\/p>\n<p>&nbsp;<\/p>\n<p>So beauftragte die t\u00fcrkische Regierung ab 1926 milit\u00e4rische und zivile B\u00fcrokraten damit, Berichte \u00fcber Dersim zu erstellen. In fast all diesen Berichten wird empfohlen, die Bev\u00f6lkerung von Dersim zu \u201centwaffenen\u201d, die Stammesf\u00fchrer bzw. die ungehorsamen St\u00e4mme in die westt\u00fcrkischen Provinzen zwangsumzusiedeln, das solcherart entv\u00f6lkerte Gebiet durch Ansiedlung von t\u00fcrkischen Bev\u00f6lkerungsgruppen und durch spezielle Erziehungsma\u00dfnahmen f\u00fcr die verbliebene nicht-t\u00fcrkische Bev\u00f6lkerung zu t\u00fcrkisieren, die nomadisierenden Bev\u00f6lkerun steile sesshaft zu machen und sie so zu erfassen. All das sollte stufenweise umgesetzt werden. 1937 erkl\u00e4rte der damalige Ministerpr\u00e4sident Ismet In\u00f6n\u00fc nach den Massakern in der Region die milit\u00e4rische Aktion f\u00fcr beendet. Unter der Regierung von Celal Bayar, welcher von Atat\u00fcrk, der diese erste milit\u00e4rische Aktion f\u00fcr nicht ausreichend erachtete, zum Ministerpr\u00e4sidenten ernannt wurde, wurde im Jahre 1938 eine zweite und gr\u00f6\u00dfere Milit\u00e4roffensive durchgef\u00fchrt, die dieses Mal das Ausma\u00df eines V\u00f6lkermordes erreichte.[\/vc_column_text][vc_column_text css=&#8221;.vc_custom_1648592429122{margin-top: 16px !important;margin-bottom: 16px !important;}&#8221;]<\/p>\n<h4>Die entwurzelten M\u00e4dchen<\/h4>\n<p>[\/vc_column_text][vc_column_text]Das Alter dieser M\u00e4dchen betrug zwischen 3 und 14 Jahren, die meisten von ihnen waren zwischen 5 und 10 Jahre alt. Gemeinsam ist ihnen allen, dass sie sich in einer Entwicklungsphase befanden, in der sie noch dabei waren sich selbst, ihr Umfeld, ihre Kultur und ihre Sprache zu entdecken und das kollektive Ged\u00e4chtnis ihrer Gemeinschaft noch nicht verinnerlicht hatten. Kurz gesagt, ihre Identit\u00e4t war im Entstehen und noch ungefestigt. Somit waren sie in einem Alter, in dem man sie ohne gro\u00dfe Schwierigkeiten ihren Familien und ihrer Heimat entrei\u00dfen und assimilieren konnte.<\/p>\n<p>&nbsp;<\/p>\n<p>Ein anderer Punkt, der uns auffiel, war die soziale Stellung der Familien, denen die M\u00e4dchen \u00fcbergeben wurden. Es waren Familien, die der mittleren oder oberen Schicht der t\u00fcrkischen Gesellschaft angeh\u00f6rten. Das war sicherlich kein Zufall, denn sowohl das gute Verh\u00e4ltnis der mittleren und oberen Schichten zu den politischen Kadern des Regimes, als auch ihre Unterst\u00fctzung des Modernisierungsprojekts lie\u00df diese Familien f\u00fcr die staatlichen Beh\u00f6rden vertrauensw\u00fcrdig und zuverl\u00e4ssig erscheinen. Im Laufe unserer Recherchen stellten wir fest, dass w\u00e4hrend der Massaker nicht nur Erwachsene, sondern auch Kinder, d.h. Jungen und M\u00e4dchen gleicherma\u00dfen get\u00f6tet wurden. Die \u00fcberlebenden Jungen und M\u00e4dchen aber wurden unterschiedlich behandelt. Einige der M\u00e4dchen steckte man in Sammellager in Erzincan und Elaz\u0131\u011f, wo die \u201cgesunden und sch\u00f6nen\u201d von Offizieren aussortiert wurden. Die M\u00e4dchen, die als \u201ckrank und h\u00e4sslich\u201d betrachtet wurden, setzte man in Z\u00fcge und verteilte sie auf der Strecke an jeder Station an Honoratioren und Staatsbeamte. Der weibliche K\u00f6rper war also Gegenstand einer Selektion, wobei Anzeichen f\u00fcr Fruchtbarkeit und Weiblichkeit bei der \u201cAuswahl\u201d eine entscheidende Rolle spielten. Die Waisenjungen aber kamen ins Waisenhaus. Unsere Bem\u00fchungen, die verschwundenen M\u00e4dchen zu finden und ihre Lebensgeschichten zu dokumentieren, gehen weiter.[\/vc_column_text][\/vc_column][\/vc_row]<\/p>\n","protected":false},"excerpt":{"rendered":"<p>[vc_row css_animation=&#8221;&#8221; row_type=&#8221;row&#8221; use_row_as_full_screen_section=&#8221;no&#8221; type=&#8221;full_width&#8221; angled_section=&#8221;no&#8221; text_align=&#8221;left&#8221; background_image_as_pattern=&#8221;without_pattern&#8221; css=&#8221;.vc_custom_1647981875162{margin-top: 32px !important;margin-bottom: 32px !important;}&#8221; z_index=&#8221;&#8221;][vc_column css=&#8221;.vc_custom_1646430017339{margin-right: 16px !important;}&#8221;][vc_column_text] DIE VERSCHWUNDENEN M\u00c4DCHEN VON DERS\u0130M \u2013 2021 [\/vc_column_text][vc_separator type=&#8221;normal&#8221; color=&#8221;#e8e8e8&#8243;][\/vc_column][\/vc_row][vc_row css_animation=&#8221;&#8221; row_type=&#8221;row&#8221; use_row_as_full_screen_section=&#8221;no&#8221; type=&#8221;full_width&#8221; angled_section=&#8221;no&#8221; text_align=&#8221;left&#8221; background_image_as_pattern=&#8221;without_pattern&#8221; z_index=&#8221;&#8221;][vc_column width=&#8221;1\/2&#8243; css=&#8221;.vc_custom_1647812082051{margin-bottom: 32px !important;}&#8221;][vc_single_image image=&#8221;228&#8243; img_size=&#8221;600&#215;749&#8243; add_caption=&#8221;yes&#8221; style=&#8221;vc_box_shadow&#8221; qode_css_animation=&#8221;&#8221;][\/vc_column][vc_column width=&#8221;1\/2&#8243;&#8230;<\/p>\n","protected":false},"author":1,"featured_media":0,"parent":0,"menu_order":0,"comment_status":"closed","ping_status":"closed","template":"","meta":{"footnotes":""},"class_list":["post-561","page","type-page","status-publish","hentry"],"yoast_head":"<!-- This site is optimized with the Yoast SEO plugin v27.3 - https:\/\/yoast.com\/product\/yoast-seo-wordpress\/ -->\n<title>Vermisstes M\u00e4dchen, Mutter tot - Asl\u0131 Filiz<\/title>\n<meta name=\"description\" content=\"Unter dem Vorwand, eine Rebellion zu zerschlagen, ver\u00fcbte der t\u00fcrkische Staat in den Jahren 1937-38 in Dersim (Tunceli) ein gro\u00dfes Massaker. Die Kunstweberin Anil Asl\u0131 Filiz...\" \/>\n<meta name=\"robots\" content=\"index, follow, max-snippet:-1, max-image-preview:large, max-video-preview:-1\" \/>\n<link rel=\"canonical\" href=\"https:\/\/aslifiliz.com\/de\/vermisstes-madchen-mutter-tot\/\" \/>\n<meta property=\"og:locale\" content=\"tr_TR\" \/>\n<meta property=\"og:type\" content=\"article\" \/>\n<meta property=\"og:title\" content=\"Vermisstes M\u00e4dchen, Mutter tot - Asl\u0131 Filiz\" \/>\n<meta property=\"og:description\" content=\"Unter dem Vorwand, eine Rebellion zu zerschlagen, ver\u00fcbte der t\u00fcrkische Staat in den Jahren 1937-38 in Dersim (Tunceli) ein gro\u00dfes Massaker. Die Kunstweberin Anil Asl\u0131 Filiz...\" \/>\n<meta property=\"og:url\" content=\"https:\/\/aslifiliz.com\/de\/vermisstes-madchen-mutter-tot\/\" \/>\n<meta property=\"og:site_name\" content=\"Asl\u0131 Filiz\" \/>\n<meta name=\"twitter:card\" content=\"summary_large_image\" \/>\n<meta name=\"twitter:label1\" content=\"Tahmini okuma s\u00fcresi\" \/>\n\t<meta name=\"twitter:data1\" content=\"5 dakika\" \/>\n<script type=\"application\/ld+json\" class=\"yoast-schema-graph\">{\"@context\":\"https:\\\/\\\/schema.org\",\"@graph\":[{\"@type\":\"WebPage\",\"@id\":\"https:\\\/\\\/aslifiliz.com\\\/de\\\/vermisstes-madchen-mutter-tot\\\/\",\"url\":\"https:\\\/\\\/aslifiliz.com\\\/de\\\/vermisstes-madchen-mutter-tot\\\/\",\"name\":\"Vermisstes M\u00e4dchen, Mutter tot - Asl\u0131 Filiz\",\"isPartOf\":{\"@id\":\"https:\\\/\\\/aslifiliz.com\\\/de\\\/#website\"},\"datePublished\":\"2022-03-29T22:10:47+00:00\",\"description\":\"Unter dem Vorwand, eine Rebellion zu zerschlagen, ver\u00fcbte der t\u00fcrkische Staat in den Jahren 1937-38 in Dersim (Tunceli) ein gro\u00dfes Massaker. Die Kunstweberin Anil Asl\u0131 Filiz...\",\"breadcrumb\":{\"@id\":\"https:\\\/\\\/aslifiliz.com\\\/de\\\/vermisstes-madchen-mutter-tot\\\/#breadcrumb\"},\"inLanguage\":\"tr\",\"potentialAction\":[{\"@type\":\"ReadAction\",\"target\":[\"https:\\\/\\\/aslifiliz.com\\\/de\\\/vermisstes-madchen-mutter-tot\\\/\"]}]},{\"@type\":\"BreadcrumbList\",\"@id\":\"https:\\\/\\\/aslifiliz.com\\\/de\\\/vermisstes-madchen-mutter-tot\\\/#breadcrumb\",\"itemListElement\":[{\"@type\":\"ListItem\",\"position\":1,\"name\":\"Home\",\"item\":\"https:\\\/\\\/aslifiliz.com\\\/de\\\/\"},{\"@type\":\"ListItem\",\"position\":2,\"name\":\"Vermisstes M\u00e4dchen, Mutter tot\"}]},{\"@type\":\"WebSite\",\"@id\":\"https:\\\/\\\/aslifiliz.com\\\/de\\\/#website\",\"url\":\"https:\\\/\\\/aslifiliz.com\\\/de\\\/\",\"name\":\"Asl\u0131 Filiz\",\"description\":\"Kunst und Grafikdesign\",\"potentialAction\":[{\"@type\":\"SearchAction\",\"target\":{\"@type\":\"EntryPoint\",\"urlTemplate\":\"https:\\\/\\\/aslifiliz.com\\\/de\\\/?s={search_term_string}\"},\"query-input\":{\"@type\":\"PropertyValueSpecification\",\"valueRequired\":true,\"valueName\":\"search_term_string\"}}],\"inLanguage\":\"tr\"}]}<\/script>\n<!-- \/ Yoast SEO plugin. -->","yoast_head_json":{"title":"Vermisstes M\u00e4dchen, Mutter tot - Asl\u0131 Filiz","description":"Unter dem Vorwand, eine Rebellion zu zerschlagen, ver\u00fcbte der t\u00fcrkische Staat in den Jahren 1937-38 in Dersim (Tunceli) ein gro\u00dfes Massaker. Die Kunstweberin Anil Asl\u0131 Filiz...","robots":{"index":"index","follow":"follow","max-snippet":"max-snippet:-1","max-image-preview":"max-image-preview:large","max-video-preview":"max-video-preview:-1"},"canonical":"https:\/\/aslifiliz.com\/de\/vermisstes-madchen-mutter-tot\/","og_locale":"tr_TR","og_type":"article","og_title":"Vermisstes M\u00e4dchen, Mutter tot - Asl\u0131 Filiz","og_description":"Unter dem Vorwand, eine Rebellion zu zerschlagen, ver\u00fcbte der t\u00fcrkische Staat in den Jahren 1937-38 in Dersim (Tunceli) ein gro\u00dfes Massaker. Die Kunstweberin Anil Asl\u0131 Filiz...","og_url":"https:\/\/aslifiliz.com\/de\/vermisstes-madchen-mutter-tot\/","og_site_name":"Asl\u0131 Filiz","twitter_card":"summary_large_image","twitter_misc":{"Tahmini okuma s\u00fcresi":"5 dakika"},"schema":{"@context":"https:\/\/schema.org","@graph":[{"@type":"WebPage","@id":"https:\/\/aslifiliz.com\/de\/vermisstes-madchen-mutter-tot\/","url":"https:\/\/aslifiliz.com\/de\/vermisstes-madchen-mutter-tot\/","name":"Vermisstes M\u00e4dchen, Mutter tot - Asl\u0131 Filiz","isPartOf":{"@id":"https:\/\/aslifiliz.com\/de\/#website"},"datePublished":"2022-03-29T22:10:47+00:00","description":"Unter dem Vorwand, eine Rebellion zu zerschlagen, ver\u00fcbte der t\u00fcrkische Staat in den Jahren 1937-38 in Dersim (Tunceli) ein gro\u00dfes Massaker. Die Kunstweberin Anil Asl\u0131 Filiz...","breadcrumb":{"@id":"https:\/\/aslifiliz.com\/de\/vermisstes-madchen-mutter-tot\/#breadcrumb"},"inLanguage":"tr","potentialAction":[{"@type":"ReadAction","target":["https:\/\/aslifiliz.com\/de\/vermisstes-madchen-mutter-tot\/"]}]},{"@type":"BreadcrumbList","@id":"https:\/\/aslifiliz.com\/de\/vermisstes-madchen-mutter-tot\/#breadcrumb","itemListElement":[{"@type":"ListItem","position":1,"name":"Home","item":"https:\/\/aslifiliz.com\/de\/"},{"@type":"ListItem","position":2,"name":"Vermisstes M\u00e4dchen, Mutter tot"}]},{"@type":"WebSite","@id":"https:\/\/aslifiliz.com\/de\/#website","url":"https:\/\/aslifiliz.com\/de\/","name":"Asl\u0131 Filiz","description":"Kunst und Grafikdesign","potentialAction":[{"@type":"SearchAction","target":{"@type":"EntryPoint","urlTemplate":"https:\/\/aslifiliz.com\/de\/?s={search_term_string}"},"query-input":{"@type":"PropertyValueSpecification","valueRequired":true,"valueName":"search_term_string"}}],"inLanguage":"tr"}]}},"_links":{"self":[{"href":"https:\/\/aslifiliz.com\/de\/wp-json\/wp\/v2\/pages\/561","targetHints":{"allow":["GET"]}}],"collection":[{"href":"https:\/\/aslifiliz.com\/de\/wp-json\/wp\/v2\/pages"}],"about":[{"href":"https:\/\/aslifiliz.com\/de\/wp-json\/wp\/v2\/types\/page"}],"author":[{"embeddable":true,"href":"https:\/\/aslifiliz.com\/de\/wp-json\/wp\/v2\/users\/1"}],"replies":[{"embeddable":true,"href":"https:\/\/aslifiliz.com\/de\/wp-json\/wp\/v2\/comments?post=561"}],"version-history":[{"count":1,"href":"https:\/\/aslifiliz.com\/de\/wp-json\/wp\/v2\/pages\/561\/revisions"}],"predecessor-version":[{"id":562,"href":"https:\/\/aslifiliz.com\/de\/wp-json\/wp\/v2\/pages\/561\/revisions\/562"}],"wp:attachment":[{"href":"https:\/\/aslifiliz.com\/de\/wp-json\/wp\/v2\/media?parent=561"}],"curies":[{"name":"wp","href":"https:\/\/api.w.org\/{rel}","templated":true}]}}