{"id":592,"date":"2022-04-02T23:37:25","date_gmt":"2022-04-02T20:37:25","guid":{"rendered":"https:\/\/aslifiliz.com\/de\/?page_id=592"},"modified":"2022-04-02T23:43:00","modified_gmt":"2022-04-02T20:43:00","slug":"schwarzes-schamanenbuch","status":"publish","type":"page","link":"https:\/\/aslifiliz.com\/de\/schwarzes-schamanenbuch\/","title":{"rendered":"Schwarzes Schamanenbuch"},"content":{"rendered":"<p>[vc_row css_animation=&#8221;&#8221; row_type=&#8221;row&#8221; use_row_as_full_screen_section=&#8221;no&#8221; type=&#8221;full_width&#8221; angled_section=&#8221;no&#8221; text_align=&#8221;left&#8221; background_image_as_pattern=&#8221;without_pattern&#8221; css=&#8221;.vc_custom_1647981875162{margin-top: 32px !important;margin-bottom: 32px !important;}&#8221; z_index=&#8221;&#8221;][vc_column css=&#8221;.vc_custom_1646430017339{margin-right: 16px !important;}&#8221;][vc_column_text]<\/p>\n<div class=\"wpb_text_column wpb_content_element \">\n<div class=\"wpb_wrapper\">\n<h5>SCHAMANISMUS \u2013 2020<\/h5>\n<\/div>\n<\/div>\n<p>[\/vc_column_text][vc_separator type=&#8221;normal&#8221; color=&#8221;#e8e8e8&#8243;][\/vc_column][\/vc_row][vc_row css_animation=&#8221;&#8221; row_type=&#8221;row&#8221; use_row_as_full_screen_section=&#8221;no&#8221; type=&#8221;full_width&#8221; angled_section=&#8221;no&#8221; text_align=&#8221;left&#8221; background_image_as_pattern=&#8221;without_pattern&#8221; z_index=&#8221;&#8221;][vc_column width=&#8221;1\/2&#8243; css=&#8221;.vc_custom_1647812082051{margin-bottom: 32px !important;}&#8221;][vc_single_image image=&#8221;596&#8243; img_size=&#8221;600&#215;617&#8243; add_caption=&#8221;yes&#8221; style=&#8221;vc_box_shadow&#8221; qode_css_animation=&#8221;&#8221; css=&#8221;.vc_custom_1648933452478{margin-bottom: 16px !important;}&#8221;][vc_single_image image=&#8221;597&#8243; img_size=&#8221;600&#215;617&#8243; add_caption=&#8221;yes&#8221; style=&#8221;vc_box_shadow&#8221; qode_css_animation=&#8221;&#8221; css=&#8221;.vc_custom_1648933469454{margin-bottom: 16px !important;}&#8221;][vc_single_image image=&#8221;595&#8243; img_size=&#8221;600&#215;617&#8243; add_caption=&#8221;yes&#8221; style=&#8221;vc_box_shadow&#8221; qode_css_animation=&#8221;&#8221;][\/vc_column][vc_column width=&#8221;1\/2&#8243; css=&#8221;.vc_custom_1647812091241{margin-bottom: 32px !important;}&#8221;]<div class=\"q_icon_list\"><i class=\"qode_icon_font_awesome fa fa-paint-brush qode-ili-icon-holder circle\" style=\"color: #a0a0a0;background-color: #ffffff;\" ><\/i><p style=\"color:#a0a0a0;\">Schwarzes Schamanenbuch<\/p><\/div><div class=\"q_icon_list\"><i class=\"qode_icon_font_awesome fa fa-minus qode-ili-icon-holder circle\" style=\"color: #a0a0a0;background-color: #ffffff;\" ><\/i><p style=\"color:#a0a0a0;\">Handgemachtes Buch \/ Acrylfarben \/ Stoffen<\/p><\/div>[vc_column_text css=&#8221;.vc_custom_1648932626880{margin-bottom: 16px !important;}&#8221;]<\/p>\n<h4>Ein Glaube von der Steinzeit bis heute<\/h4>\n<p>[\/vc_column_text][vc_column_text]Schamanismus ist eine Jahrtausende alte, heilende Tradition und eine Lebensweise. In den Lehren des Schamanismus geht es darum, eine lebendige Verbindung zur Natur zu entwickeln und sich um das Wohlergehen der gesamten Sch\u00f6pfung zu sorgen. Die Natur ist sehr wichtig und es wird keine Diskriminierung zwischen M\u00e4nnern und Frauen vorgenommen. Wesentliche Aspekte des Schamanismus sind spirituelles Reisen, Zeremonien, heilige T\u00e4nze und Pilgerschaften zu Kraftpl\u00e4tzen in der Natur. Durch diese Praktiken werden wir Teil des schamanischen Kreises und bereichern unser Leben mit St\u00e4rke, Heilung und Liebe.[\/vc_column_text][vc_column_text css=&#8221;.vc_custom_1648932973310{margin-top: 16px !important;margin-bottom: 16px !important;}&#8221;]<\/p>\n<h4>SCHAMANE<\/h4>\n<p>[\/vc_column_text][vc_column_text]Jahrhundertelang waren Menschen fasziniert von der spirituellen St\u00e4rke der Schamanen. Das Wort Schamane (Alt-Indisch) bedeutet so viel wie \u201eder Wissende\u201c. In anderen Sprachen \u00fcbersetzt man es auch mit \u201ederjenige, der sieht\u201c. Das Wissen der Schamanen ist ein uraltes Kulturgut. In ihrer Welt ist alles miteinander verbunden: Die Blumen, die V\u00f6gel, jeder Baum, jedes Tier hat eine Botschaft an uns. Wir werden sie verstehen, wenn wir wieder eins werden mit der Natur. So wie fr\u00fcher. Das ist der Kerngedanke im Weltbild der Schamanen, der diese mystischen Heiler und Heilerinnen f\u00fcr uns so faszinierend macht. Auf diese Weise tagen Schamanen dazu bei, Balance und Harmonie auf pers\u00f6nlicher und globaler Ebene zu erreichen und zu erhalten. Schamanen sind mehr Frauen.<\/p>\n<p>&nbsp;<\/p>\n<p>Schamanistische V\u00f6lke<\/p>\n<p>_Zentralasiatische T\u00fcrken<br \/>\n_Sibirischen V\u00f6lker<br \/>\n_S\u00fcd- und nordamerikanische Indianer<br \/>\n_Europ\u00e4ische, australische Ureinwohner<br \/>\n_Korea und Japan V\u00f6lker[\/vc_column_text][vc_column_text css=&#8221;.vc_custom_1648932980785{margin-top: 16px !important;margin-bottom: 16px !important;}&#8221;]<\/p>\n<h4>Der Baum des Lebens<\/h4>\n<p>[\/vc_column_text][vc_column_text]Der Baum des Lebens oder Weltenbaum geh\u00f6rt zur Mythologie vieler V\u00f6lker und ist ein altes Symbol der kosmischen Ordnung. Er steht als Weltachse (axis mundis) im Zentrum der Welt. Seine Wurzeln reichen tief in die Erde und seine Wipfel ber\u00fchren oder tragen den Himmel. Somit verbindet er die drei Ebenen Himmel, Erde und Unterwelt. Im Schamanismus spielt der Weltenbaum eine gro\u00dfe Rolle. Zum einen ist er das Zentrum der Welt und als solches das Zentrum der Sch\u00f6pfung, zum anderen verbindet er die reale Welt mit den anderen Welten. \u00dcber den Weltenbaum kann der Schamane mit dem Sch\u00f6pfungszentrum Verbindung aufnehmen und in die Reiche der Geister und G\u00f6tter reisen. Der Weltenbaum dient auch als Ruhest\u00e4tte verstorbener Schamanen, von der aus die Seele den K\u00f6rper verl\u00e4sst, um in das Reich der Geister zu gelangen.[\/vc_column_text][vc_column_text css=&#8221;.vc_custom_1648932989617{margin-top: 16px !important;margin-bottom: 16px !important;}&#8221;]<\/p>\n<h4>Schwarzer Schamane<\/h4>\n<p>[\/vc_column_text][vc_column_text]Ein schwarzer Schamane arbeitet mit den dunklen oder negativen Kr\u00e4ften, verbunden mit der Unterwelt, mit dem Feuer, der Vergangenheit, den Ahnen und oft in geheimen abgeschlossenen Zeremonien.[\/vc_column_text][vc_column_text css=&#8221;.vc_custom_1648932994516{margin-top: 16px !important;margin-bottom: 16px !important;}&#8221;]<\/p>\n<h4>WeiBer Schamane<\/h4>\n<p>[\/vc_column_text][vc_column_text]Ein wei\u00dfer Schamane arbeitet mit den hellen oder guten Kr\u00e4ften, mit den Ebenen des Himmels, dem Licht, der Zukunft, den Potentialen und oft in \u00f6ffentlichen Zeremonien.[\/vc_column_text][\/vc_column][\/vc_row]<\/p>\n","protected":false},"excerpt":{"rendered":"<p>[vc_row css_animation=&#8221;&#8221; row_type=&#8221;row&#8221; use_row_as_full_screen_section=&#8221;no&#8221; type=&#8221;full_width&#8221; angled_section=&#8221;no&#8221; text_align=&#8221;left&#8221; background_image_as_pattern=&#8221;without_pattern&#8221; css=&#8221;.vc_custom_1647981875162{margin-top: 32px !important;margin-bottom: 32px !important;}&#8221; z_index=&#8221;&#8221;][vc_column css=&#8221;.vc_custom_1646430017339{margin-right: 16px !important;}&#8221;][vc_column_text] SCHAMANISMUS \u2013 2020 [\/vc_column_text][vc_separator type=&#8221;normal&#8221; color=&#8221;#e8e8e8&#8243;][\/vc_column][\/vc_row][vc_row css_animation=&#8221;&#8221; row_type=&#8221;row&#8221; use_row_as_full_screen_section=&#8221;no&#8221; type=&#8221;full_width&#8221; angled_section=&#8221;no&#8221; text_align=&#8221;left&#8221; background_image_as_pattern=&#8221;without_pattern&#8221; z_index=&#8221;&#8221;][vc_column width=&#8221;1\/2&#8243; css=&#8221;.vc_custom_1647812082051{margin-bottom: 32px !important;}&#8221;][vc_single_image image=&#8221;596&#8243; img_size=&#8221;600&#215;617&#8243; add_caption=&#8221;yes&#8221; style=&#8221;vc_box_shadow&#8221; qode_css_animation=&#8221;&#8221; css=&#8221;.vc_custom_1648933452478{margin-bottom: 16px !important;}&#8221;][vc_single_image image=&#8221;597&#8243; img_size=&#8221;600&#215;617&#8243;&#8230;<\/p>\n","protected":false},"author":1,"featured_media":0,"parent":0,"menu_order":0,"comment_status":"closed","ping_status":"closed","template":"","meta":{"footnotes":""},"class_list":["post-592","page","type-page","status-publish","hentry"],"yoast_head":"<!-- This site is optimized with the Yoast SEO plugin v27.3 - https:\/\/yoast.com\/product\/yoast-seo-wordpress\/ -->\n<title>Schwarzes Schamanenbuch - Asl\u0131 Filiz<\/title>\n<meta name=\"description\" content=\"Frauen-Motiv: H\u00e4nde auf den H\u00fcften Es ist das Symbol der Weiblichkeit \u00fcberall in Anatolien. Die Kunstweberin Anil Asl\u0131 Filiz...\" \/>\n<meta name=\"robots\" content=\"index, follow, max-snippet:-1, max-image-preview:large, max-video-preview:-1\" \/>\n<link rel=\"canonical\" href=\"https:\/\/aslifiliz.com\/de\/schwarzes-schamanenbuch\/\" \/>\n<meta property=\"og:locale\" content=\"tr_TR\" \/>\n<meta property=\"og:type\" content=\"article\" \/>\n<meta property=\"og:title\" content=\"Schwarzes Schamanenbuch - Asl\u0131 Filiz\" \/>\n<meta property=\"og:description\" content=\"Frauen-Motiv: H\u00e4nde auf den H\u00fcften Es ist das Symbol der Weiblichkeit \u00fcberall in Anatolien. Die Kunstweberin Anil Asl\u0131 Filiz...\" \/>\n<meta property=\"og:url\" content=\"https:\/\/aslifiliz.com\/de\/schwarzes-schamanenbuch\/\" \/>\n<meta property=\"og:site_name\" content=\"Asl\u0131 Filiz\" \/>\n<meta property=\"article:modified_time\" content=\"2022-04-02T20:43:00+00:00\" \/>\n<meta name=\"twitter:card\" content=\"summary_large_image\" \/>\n<meta name=\"twitter:label1\" content=\"Tahmini okuma s\u00fcresi\" \/>\n\t<meta name=\"twitter:data1\" content=\"3 dakika\" \/>\n<script type=\"application\/ld+json\" class=\"yoast-schema-graph\">{\"@context\":\"https:\\\/\\\/schema.org\",\"@graph\":[{\"@type\":\"WebPage\",\"@id\":\"https:\\\/\\\/aslifiliz.com\\\/de\\\/schwarzes-schamanenbuch\\\/\",\"url\":\"https:\\\/\\\/aslifiliz.com\\\/de\\\/schwarzes-schamanenbuch\\\/\",\"name\":\"Schwarzes Schamanenbuch - Asl\u0131 Filiz\",\"isPartOf\":{\"@id\":\"https:\\\/\\\/aslifiliz.com\\\/de\\\/#website\"},\"datePublished\":\"2022-04-02T20:37:25+00:00\",\"dateModified\":\"2022-04-02T20:43:00+00:00\",\"description\":\"Frauen-Motiv: H\u00e4nde auf den H\u00fcften Es ist das Symbol der Weiblichkeit \u00fcberall in Anatolien. Die Kunstweberin Anil Asl\u0131 Filiz...\",\"breadcrumb\":{\"@id\":\"https:\\\/\\\/aslifiliz.com\\\/de\\\/schwarzes-schamanenbuch\\\/#breadcrumb\"},\"inLanguage\":\"tr\",\"potentialAction\":[{\"@type\":\"ReadAction\",\"target\":[\"https:\\\/\\\/aslifiliz.com\\\/de\\\/schwarzes-schamanenbuch\\\/\"]}]},{\"@type\":\"BreadcrumbList\",\"@id\":\"https:\\\/\\\/aslifiliz.com\\\/de\\\/schwarzes-schamanenbuch\\\/#breadcrumb\",\"itemListElement\":[{\"@type\":\"ListItem\",\"position\":1,\"name\":\"Home\",\"item\":\"https:\\\/\\\/aslifiliz.com\\\/de\\\/\"},{\"@type\":\"ListItem\",\"position\":2,\"name\":\"Schwarzes Schamanenbuch\"}]},{\"@type\":\"WebSite\",\"@id\":\"https:\\\/\\\/aslifiliz.com\\\/de\\\/#website\",\"url\":\"https:\\\/\\\/aslifiliz.com\\\/de\\\/\",\"name\":\"Asl\u0131 Filiz\",\"description\":\"Kunst und Grafikdesign\",\"potentialAction\":[{\"@type\":\"SearchAction\",\"target\":{\"@type\":\"EntryPoint\",\"urlTemplate\":\"https:\\\/\\\/aslifiliz.com\\\/de\\\/?s={search_term_string}\"},\"query-input\":{\"@type\":\"PropertyValueSpecification\",\"valueRequired\":true,\"valueName\":\"search_term_string\"}}],\"inLanguage\":\"tr\"}]}<\/script>\n<!-- \/ Yoast SEO plugin. -->","yoast_head_json":{"title":"Schwarzes Schamanenbuch - Asl\u0131 Filiz","description":"Frauen-Motiv: H\u00e4nde auf den H\u00fcften Es ist das Symbol der Weiblichkeit \u00fcberall in Anatolien. Die Kunstweberin Anil Asl\u0131 Filiz...","robots":{"index":"index","follow":"follow","max-snippet":"max-snippet:-1","max-image-preview":"max-image-preview:large","max-video-preview":"max-video-preview:-1"},"canonical":"https:\/\/aslifiliz.com\/de\/schwarzes-schamanenbuch\/","og_locale":"tr_TR","og_type":"article","og_title":"Schwarzes Schamanenbuch - Asl\u0131 Filiz","og_description":"Frauen-Motiv: H\u00e4nde auf den H\u00fcften Es ist das Symbol der Weiblichkeit \u00fcberall in Anatolien. Die Kunstweberin Anil Asl\u0131 Filiz...","og_url":"https:\/\/aslifiliz.com\/de\/schwarzes-schamanenbuch\/","og_site_name":"Asl\u0131 Filiz","article_modified_time":"2022-04-02T20:43:00+00:00","twitter_card":"summary_large_image","twitter_misc":{"Tahmini okuma s\u00fcresi":"3 dakika"},"schema":{"@context":"https:\/\/schema.org","@graph":[{"@type":"WebPage","@id":"https:\/\/aslifiliz.com\/de\/schwarzes-schamanenbuch\/","url":"https:\/\/aslifiliz.com\/de\/schwarzes-schamanenbuch\/","name":"Schwarzes Schamanenbuch - Asl\u0131 Filiz","isPartOf":{"@id":"https:\/\/aslifiliz.com\/de\/#website"},"datePublished":"2022-04-02T20:37:25+00:00","dateModified":"2022-04-02T20:43:00+00:00","description":"Frauen-Motiv: H\u00e4nde auf den H\u00fcften Es ist das Symbol der Weiblichkeit \u00fcberall in Anatolien. Die Kunstweberin Anil Asl\u0131 Filiz...","breadcrumb":{"@id":"https:\/\/aslifiliz.com\/de\/schwarzes-schamanenbuch\/#breadcrumb"},"inLanguage":"tr","potentialAction":[{"@type":"ReadAction","target":["https:\/\/aslifiliz.com\/de\/schwarzes-schamanenbuch\/"]}]},{"@type":"BreadcrumbList","@id":"https:\/\/aslifiliz.com\/de\/schwarzes-schamanenbuch\/#breadcrumb","itemListElement":[{"@type":"ListItem","position":1,"name":"Home","item":"https:\/\/aslifiliz.com\/de\/"},{"@type":"ListItem","position":2,"name":"Schwarzes Schamanenbuch"}]},{"@type":"WebSite","@id":"https:\/\/aslifiliz.com\/de\/#website","url":"https:\/\/aslifiliz.com\/de\/","name":"Asl\u0131 Filiz","description":"Kunst und Grafikdesign","potentialAction":[{"@type":"SearchAction","target":{"@type":"EntryPoint","urlTemplate":"https:\/\/aslifiliz.com\/de\/?s={search_term_string}"},"query-input":{"@type":"PropertyValueSpecification","valueRequired":true,"valueName":"search_term_string"}}],"inLanguage":"tr"}]}},"_links":{"self":[{"href":"https:\/\/aslifiliz.com\/de\/wp-json\/wp\/v2\/pages\/592","targetHints":{"allow":["GET"]}}],"collection":[{"href":"https:\/\/aslifiliz.com\/de\/wp-json\/wp\/v2\/pages"}],"about":[{"href":"https:\/\/aslifiliz.com\/de\/wp-json\/wp\/v2\/types\/page"}],"author":[{"embeddable":true,"href":"https:\/\/aslifiliz.com\/de\/wp-json\/wp\/v2\/users\/1"}],"replies":[{"embeddable":true,"href":"https:\/\/aslifiliz.com\/de\/wp-json\/wp\/v2\/comments?post=592"}],"version-history":[{"count":3,"href":"https:\/\/aslifiliz.com\/de\/wp-json\/wp\/v2\/pages\/592\/revisions"}],"predecessor-version":[{"id":598,"href":"https:\/\/aslifiliz.com\/de\/wp-json\/wp\/v2\/pages\/592\/revisions\/598"}],"wp:attachment":[{"href":"https:\/\/aslifiliz.com\/de\/wp-json\/wp\/v2\/media?parent=592"}],"curies":[{"name":"wp","href":"https:\/\/api.w.org\/{rel}","templated":true}]}}