{"id":606,"date":"2022-04-03T00:48:51","date_gmt":"2022-04-02T21:48:51","guid":{"rendered":"https:\/\/aslifiliz.com\/de\/?page_id=606"},"modified":"2022-04-03T00:51:28","modified_gmt":"2022-04-02T21:51:28","slug":"ahura-mazda-ahriman-die-sonne","status":"publish","type":"page","link":"https:\/\/aslifiliz.com\/de\/ahura-mazda-ahriman-die-sonne\/","title":{"rendered":"Ahura Mazda, Ahriman \/ Die Sonne"},"content":{"rendered":"<p>[vc_row css_animation=&#8221;&#8221; row_type=&#8221;row&#8221; use_row_as_full_screen_section=&#8221;no&#8221; type=&#8221;full_width&#8221; angled_section=&#8221;no&#8221; text_align=&#8221;left&#8221; background_image_as_pattern=&#8221;without_pattern&#8221; css=&#8221;.vc_custom_1647981875162{margin-top: 32px !important;margin-bottom: 32px !important;}&#8221; z_index=&#8221;&#8221;][vc_column css=&#8221;.vc_custom_1646430017339{margin-right: 16px !important;}&#8221;][vc_column_text]<\/p>\n<div class=\"wpb_text_column wpb_content_element \">\n<div class=\"wpb_wrapper\">\n<div class=\"wpb_text_column wpb_content_element \">\n<div class=\"wpb_wrapper\">\n<h5>ZOROASTRISMUS \u2013 2020<\/h5>\n<\/div>\n<\/div>\n<\/div>\n<\/div>\n<p>[\/vc_column_text][vc_separator type=&#8221;normal&#8221; color=&#8221;#e8e8e8&#8243;][\/vc_column][\/vc_row][vc_row css_animation=&#8221;&#8221; row_type=&#8221;row&#8221; use_row_as_full_screen_section=&#8221;no&#8221; type=&#8221;full_width&#8221; angled_section=&#8221;no&#8221; text_align=&#8221;left&#8221; background_image_as_pattern=&#8221;without_pattern&#8221; z_index=&#8221;&#8221;][vc_column width=&#8221;1\/2&#8243; css=&#8221;.vc_custom_1647812082051{margin-bottom: 32px !important;}&#8221;][vc_single_image image=&#8221;609&#8243; img_size=&#8221;600&#215;451&#8243; add_caption=&#8221;yes&#8221; style=&#8221;vc_box_shadow&#8221; qode_css_animation=&#8221;&#8221; css=&#8221;.vc_custom_1648937591151{margin-bottom: 16px !important;}&#8221;][\/vc_column][vc_column width=&#8221;1\/2&#8243; css=&#8221;.vc_custom_1647812091241{margin-bottom: 32px !important;}&#8221;]<div class=\"q_icon_list\"><i class=\"qode_icon_font_awesome fa fa-paint-brush qode-ili-icon-holder circle\" style=\"color: #a0a0a0;background-color: #ffffff;\" ><\/i><p style=\"color:#a0a0a0;\">Ahura Mazda, Ahriman \/ Die Sonne<\/p><\/div><div class=\"q_icon_list\"><i class=\"qode_icon_font_awesome fa fa-minus qode-ili-icon-holder circle\" style=\"color: #a0a0a0;background-color: #ffffff;\" ><\/i><p style=\"color:#a0a0a0;\">Acrylfarben \/ Sack und \u00c4ste<\/p><\/div><div class=\"q_icon_list\"><i class=\"qode_icon_font_awesome fa fa-minus qode-ili-icon-holder circle\" style=\"color: #a0a0a0;background-color: #ffffff;\" ><\/i><p style=\"color:#a0a0a0;\">Leinwand: 60x120 cm<\/p><\/div>[vc_column_text css=&#8221;.vc_custom_1648937334721{margin-bottom: 16px !important;}&#8221;]<\/p>\n<h4>Zoroastrismus<\/h4>\n<p>[\/vc_column_text][vc_column_text]Der Zoroastrismus bzw. Zarathustrismus ist eine Religion, die von Zarathustra gestiftet wurde. Die Anh\u00e4nger des Zoroastrismus werden Zoroastrier oder Zarathustrier genannt. Der zoroastrische Glaube, der auf \u00e4lteren indo-iranischen Traditionen fu\u00dft, entstand zwischen 1800 und 600 v. Chr. im \u00f6stlichen iranischen Hochland, vermutlich in Baktrien und breitete sich etwa im 7. bis 4. Jahrhundert v. Chr. im iranischen Kulturraum aus.<\/p>\n<p>&nbsp;<\/p>\n<p>Bis ins sp\u00e4te 1. Jahrtausend n. Chr. war der Zoroastrismus eine Weltreligion mit Millionen Anh\u00e4ngern. Heute geht man von noch etwa 120.000\u2013300.000 Anh\u00e4ngern aus. Gr\u00f6\u00dfere Gemeinden leben in Indien, im Iran und in den USA. Die heutigen Anh\u00e4nger in Indien und Pakistan werden auch als Parsen bezeichnet.<\/p>\n<p>&nbsp;<\/p>\n<p>Im Zentrum des Zoroastrismus steht der Sch\u00f6pfergott Ahura Mazda\/Ohrmazd. Er wird begleitet von unsterblichen Heiligen (Amescha Spenta) sowie von seinem Widersacher, dem b\u00f6sen D\u00e4mon Angra Mainyu (Ahriman).<\/p>\n<p>&nbsp;<\/p>\n<p>Der Zoroastrismus basiert auf der heiligen Schrift Avesta. Gottesbilder sind dem Zoroastrismus fremd. Er kennt allerdings Feuertempel, in denen ein st\u00e4ndig brennendes Feuer als heilige Flamme geh\u00fctet wird, das als Symbol der Gottheit und der vollkommenen Reinheit gilt.[\/vc_column_text][\/vc_column][\/vc_row]<\/p>\n","protected":false},"excerpt":{"rendered":"<p>[vc_row css_animation=&#8221;&#8221; row_type=&#8221;row&#8221; use_row_as_full_screen_section=&#8221;no&#8221; type=&#8221;full_width&#8221; angled_section=&#8221;no&#8221; text_align=&#8221;left&#8221; background_image_as_pattern=&#8221;without_pattern&#8221; css=&#8221;.vc_custom_1647981875162{margin-top: 32px !important;margin-bottom: 32px !important;}&#8221; z_index=&#8221;&#8221;][vc_column css=&#8221;.vc_custom_1646430017339{margin-right: 16px !important;}&#8221;][vc_column_text] ZOROASTRISMUS \u2013 2020 [\/vc_column_text][vc_separator type=&#8221;normal&#8221; color=&#8221;#e8e8e8&#8243;][\/vc_column][\/vc_row][vc_row css_animation=&#8221;&#8221; row_type=&#8221;row&#8221; use_row_as_full_screen_section=&#8221;no&#8221; type=&#8221;full_width&#8221; angled_section=&#8221;no&#8221; text_align=&#8221;left&#8221; background_image_as_pattern=&#8221;without_pattern&#8221; z_index=&#8221;&#8221;][vc_column width=&#8221;1\/2&#8243; css=&#8221;.vc_custom_1647812082051{margin-bottom: 32px !important;}&#8221;][vc_single_image image=&#8221;609&#8243; img_size=&#8221;600&#215;451&#8243; add_caption=&#8221;yes&#8221; style=&#8221;vc_box_shadow&#8221; qode_css_animation=&#8221;&#8221; css=&#8221;.vc_custom_1648937591151{margin-bottom: 16px !important;}&#8221;][\/vc_column][vc_column width=&#8221;1\/2&#8243; css=&#8221;.vc_custom_1647812091241{margin-bottom:&#8230;<\/p>\n","protected":false},"author":1,"featured_media":0,"parent":0,"menu_order":0,"comment_status":"closed","ping_status":"closed","template":"","meta":{"footnotes":""},"class_list":["post-606","page","type-page","status-publish","hentry"],"yoast_head":"<!-- This site is optimized with the Yoast SEO plugin v27.3 - https:\/\/yoast.com\/product\/yoast-seo-wordpress\/ -->\n<title>Ahura Mazda, Ahriman \/ Die Sonne - Asl\u0131 Filiz<\/title>\n<meta name=\"description\" content=\"Frauen-Motiv: H\u00e4nde auf den H\u00fcften Es ist das Symbol der Weiblichkeit \u00fcberall in Anatolien. Die Kunstweberin Anil Asl\u0131 Filiz...\" \/>\n<meta name=\"robots\" content=\"index, follow, max-snippet:-1, max-image-preview:large, max-video-preview:-1\" \/>\n<link rel=\"canonical\" href=\"https:\/\/aslifiliz.com\/de\/ahura-mazda-ahriman-die-sonne\/\" \/>\n<meta property=\"og:locale\" content=\"tr_TR\" \/>\n<meta property=\"og:type\" content=\"article\" \/>\n<meta property=\"og:title\" content=\"Ahura Mazda, Ahriman \/ Die Sonne - Asl\u0131 Filiz\" \/>\n<meta property=\"og:description\" content=\"Frauen-Motiv: H\u00e4nde auf den H\u00fcften Es ist das Symbol der Weiblichkeit \u00fcberall in Anatolien. Die Kunstweberin Anil Asl\u0131 Filiz...\" \/>\n<meta property=\"og:url\" content=\"https:\/\/aslifiliz.com\/de\/ahura-mazda-ahriman-die-sonne\/\" \/>\n<meta property=\"og:site_name\" content=\"Asl\u0131 Filiz\" \/>\n<meta property=\"article:modified_time\" content=\"2022-04-02T21:51:28+00:00\" \/>\n<meta name=\"twitter:card\" content=\"summary_large_image\" \/>\n<meta name=\"twitter:label1\" content=\"Tahmini okuma s\u00fcresi\" \/>\n\t<meta name=\"twitter:data1\" content=\"3 dakika\" \/>\n<script type=\"application\/ld+json\" class=\"yoast-schema-graph\">{\"@context\":\"https:\\\/\\\/schema.org\",\"@graph\":[{\"@type\":\"WebPage\",\"@id\":\"https:\\\/\\\/aslifiliz.com\\\/de\\\/ahura-mazda-ahriman-die-sonne\\\/\",\"url\":\"https:\\\/\\\/aslifiliz.com\\\/de\\\/ahura-mazda-ahriman-die-sonne\\\/\",\"name\":\"Ahura Mazda, Ahriman \\\/ Die Sonne - Asl\u0131 Filiz\",\"isPartOf\":{\"@id\":\"https:\\\/\\\/aslifiliz.com\\\/de\\\/#website\"},\"datePublished\":\"2022-04-02T21:48:51+00:00\",\"dateModified\":\"2022-04-02T21:51:28+00:00\",\"description\":\"Frauen-Motiv: H\u00e4nde auf den H\u00fcften Es ist das Symbol der Weiblichkeit \u00fcberall in Anatolien. Die Kunstweberin Anil Asl\u0131 Filiz...\",\"breadcrumb\":{\"@id\":\"https:\\\/\\\/aslifiliz.com\\\/de\\\/ahura-mazda-ahriman-die-sonne\\\/#breadcrumb\"},\"inLanguage\":\"tr\",\"potentialAction\":[{\"@type\":\"ReadAction\",\"target\":[\"https:\\\/\\\/aslifiliz.com\\\/de\\\/ahura-mazda-ahriman-die-sonne\\\/\"]}]},{\"@type\":\"BreadcrumbList\",\"@id\":\"https:\\\/\\\/aslifiliz.com\\\/de\\\/ahura-mazda-ahriman-die-sonne\\\/#breadcrumb\",\"itemListElement\":[{\"@type\":\"ListItem\",\"position\":1,\"name\":\"Home\",\"item\":\"https:\\\/\\\/aslifiliz.com\\\/de\\\/\"},{\"@type\":\"ListItem\",\"position\":2,\"name\":\"Ahura Mazda, Ahriman \\\/ Die Sonne\"}]},{\"@type\":\"WebSite\",\"@id\":\"https:\\\/\\\/aslifiliz.com\\\/de\\\/#website\",\"url\":\"https:\\\/\\\/aslifiliz.com\\\/de\\\/\",\"name\":\"Asl\u0131 Filiz\",\"description\":\"Kunst und Grafikdesign\",\"potentialAction\":[{\"@type\":\"SearchAction\",\"target\":{\"@type\":\"EntryPoint\",\"urlTemplate\":\"https:\\\/\\\/aslifiliz.com\\\/de\\\/?s={search_term_string}\"},\"query-input\":{\"@type\":\"PropertyValueSpecification\",\"valueRequired\":true,\"valueName\":\"search_term_string\"}}],\"inLanguage\":\"tr\"}]}<\/script>\n<!-- \/ Yoast SEO plugin. -->","yoast_head_json":{"title":"Ahura Mazda, Ahriman \/ Die Sonne - Asl\u0131 Filiz","description":"Frauen-Motiv: H\u00e4nde auf den H\u00fcften Es ist das Symbol der Weiblichkeit \u00fcberall in Anatolien. Die Kunstweberin Anil Asl\u0131 Filiz...","robots":{"index":"index","follow":"follow","max-snippet":"max-snippet:-1","max-image-preview":"max-image-preview:large","max-video-preview":"max-video-preview:-1"},"canonical":"https:\/\/aslifiliz.com\/de\/ahura-mazda-ahriman-die-sonne\/","og_locale":"tr_TR","og_type":"article","og_title":"Ahura Mazda, Ahriman \/ Die Sonne - Asl\u0131 Filiz","og_description":"Frauen-Motiv: H\u00e4nde auf den H\u00fcften Es ist das Symbol der Weiblichkeit \u00fcberall in Anatolien. Die Kunstweberin Anil Asl\u0131 Filiz...","og_url":"https:\/\/aslifiliz.com\/de\/ahura-mazda-ahriman-die-sonne\/","og_site_name":"Asl\u0131 Filiz","article_modified_time":"2022-04-02T21:51:28+00:00","twitter_card":"summary_large_image","twitter_misc":{"Tahmini okuma s\u00fcresi":"3 dakika"},"schema":{"@context":"https:\/\/schema.org","@graph":[{"@type":"WebPage","@id":"https:\/\/aslifiliz.com\/de\/ahura-mazda-ahriman-die-sonne\/","url":"https:\/\/aslifiliz.com\/de\/ahura-mazda-ahriman-die-sonne\/","name":"Ahura Mazda, Ahriman \/ Die Sonne - Asl\u0131 Filiz","isPartOf":{"@id":"https:\/\/aslifiliz.com\/de\/#website"},"datePublished":"2022-04-02T21:48:51+00:00","dateModified":"2022-04-02T21:51:28+00:00","description":"Frauen-Motiv: H\u00e4nde auf den H\u00fcften Es ist das Symbol der Weiblichkeit \u00fcberall in Anatolien. Die Kunstweberin Anil Asl\u0131 Filiz...","breadcrumb":{"@id":"https:\/\/aslifiliz.com\/de\/ahura-mazda-ahriman-die-sonne\/#breadcrumb"},"inLanguage":"tr","potentialAction":[{"@type":"ReadAction","target":["https:\/\/aslifiliz.com\/de\/ahura-mazda-ahriman-die-sonne\/"]}]},{"@type":"BreadcrumbList","@id":"https:\/\/aslifiliz.com\/de\/ahura-mazda-ahriman-die-sonne\/#breadcrumb","itemListElement":[{"@type":"ListItem","position":1,"name":"Home","item":"https:\/\/aslifiliz.com\/de\/"},{"@type":"ListItem","position":2,"name":"Ahura Mazda, Ahriman \/ Die Sonne"}]},{"@type":"WebSite","@id":"https:\/\/aslifiliz.com\/de\/#website","url":"https:\/\/aslifiliz.com\/de\/","name":"Asl\u0131 Filiz","description":"Kunst und Grafikdesign","potentialAction":[{"@type":"SearchAction","target":{"@type":"EntryPoint","urlTemplate":"https:\/\/aslifiliz.com\/de\/?s={search_term_string}"},"query-input":{"@type":"PropertyValueSpecification","valueRequired":true,"valueName":"search_term_string"}}],"inLanguage":"tr"}]}},"_links":{"self":[{"href":"https:\/\/aslifiliz.com\/de\/wp-json\/wp\/v2\/pages\/606","targetHints":{"allow":["GET"]}}],"collection":[{"href":"https:\/\/aslifiliz.com\/de\/wp-json\/wp\/v2\/pages"}],"about":[{"href":"https:\/\/aslifiliz.com\/de\/wp-json\/wp\/v2\/types\/page"}],"author":[{"embeddable":true,"href":"https:\/\/aslifiliz.com\/de\/wp-json\/wp\/v2\/users\/1"}],"replies":[{"embeddable":true,"href":"https:\/\/aslifiliz.com\/de\/wp-json\/wp\/v2\/comments?post=606"}],"version-history":[{"count":3,"href":"https:\/\/aslifiliz.com\/de\/wp-json\/wp\/v2\/pages\/606\/revisions"}],"predecessor-version":[{"id":610,"href":"https:\/\/aslifiliz.com\/de\/wp-json\/wp\/v2\/pages\/606\/revisions\/610"}],"wp:attachment":[{"href":"https:\/\/aslifiliz.com\/de\/wp-json\/wp\/v2\/media?parent=606"}],"curies":[{"name":"wp","href":"https:\/\/api.w.org\/{rel}","templated":true}]}}