{"id":616,"date":"2022-04-03T01:00:55","date_gmt":"2022-04-02T22:00:55","guid":{"rendered":"https:\/\/aslifiliz.com\/de\/?page_id=616"},"modified":"2022-04-05T01:04:37","modified_gmt":"2022-04-04T22:04:37","slug":"leidender-schahmeran","status":"publish","type":"page","link":"https:\/\/aslifiliz.com\/de\/leidender-schahmeran\/","title":{"rendered":"Leidender Schahmeran"},"content":{"rendered":"<p>[vc_row css_animation=&#8221;&#8221; row_type=&#8221;row&#8221; use_row_as_full_screen_section=&#8221;no&#8221; type=&#8221;full_width&#8221; angled_section=&#8221;no&#8221; text_align=&#8221;left&#8221; background_image_as_pattern=&#8221;without_pattern&#8221; css=&#8221;.vc_custom_1647981875162{margin-top: 32px !important;margin-bottom: 32px !important;}&#8221; z_index=&#8221;&#8221;][vc_column css=&#8221;.vc_custom_1646430017339{margin-right: 16px !important;}&#8221;][vc_column_text]<\/p>\n<div class=\"wpb_text_column wpb_content_element \">\n<div class=\"wpb_wrapper\">\n<div class=\"wpb_text_column wpb_content_element \">\n<div class=\"wpb_wrapper\">\n<div class=\"wpb_text_column wpb_content_element \">\n<div class=\"wpb_wrapper\">\n<h5>SCHAHMERAN \u2013 2021<\/h5>\n<\/div>\n<\/div>\n<\/div>\n<\/div>\n<\/div>\n<\/div>\n<p>[\/vc_column_text][vc_separator type=&#8221;normal&#8221; color=&#8221;#e8e8e8&#8243;][\/vc_column][\/vc_row][vc_row css_animation=&#8221;&#8221; row_type=&#8221;row&#8221; use_row_as_full_screen_section=&#8221;no&#8221; type=&#8221;full_width&#8221; angled_section=&#8221;no&#8221; text_align=&#8221;left&#8221; background_image_as_pattern=&#8221;without_pattern&#8221; z_index=&#8221;&#8221;][vc_column width=&#8221;1\/2&#8243; css=&#8221;.vc_custom_1647812082051{margin-bottom: 32px !important;}&#8221;][vc_single_image image=&#8221;292&#8243; img_size=&#8221;600&#215;451&#8243; add_caption=&#8221;yes&#8221; style=&#8221;vc_box_shadow&#8221; qode_css_animation=&#8221;&#8221; css=&#8221;.vc_custom_1649111191506{margin-bottom: 16px !important;}&#8221;][\/vc_column][vc_column width=&#8221;1\/2&#8243; css=&#8221;.vc_custom_1647812091241{margin-bottom: 32px !important;}&#8221;]<div class=\"q_icon_list\"><i class=\"qode_icon_font_awesome fa fa-paint-brush qode-ili-icon-holder circle\" style=\"color: #a0a0a0;background-color: #ffffff;\" ><\/i><p style=\"color:#a0a0a0;\">Leidender Schahmeran<\/p><\/div><div class=\"q_icon_list\"><i class=\"qode_icon_font_awesome fa fa-minus qode-ili-icon-holder circle\" style=\"color: #a0a0a0;background-color: #ffffff;\" ><\/i><p style=\"color:#a0a0a0;\">Acrylfarben und Flocken<\/p><\/div><div class=\"q_icon_list\"><i class=\"qode_icon_font_awesome fa fa-minus qode-ili-icon-holder circle\" style=\"color: #a0a0a0;background-color: #ffffff;\" ><\/i><p style=\"color:#a0a0a0;\">Leinwand: 40x100 cm<\/p><\/div>[vc_column_text css=&#8221;.vc_custom_1648938117267{margin-bottom: 16px !important;}&#8221;]<\/p>\n<h4>Schahmeran<\/h4>\n<p>[\/vc_column_text][vc_column_text]\u015eahmaran ist eine mythische Figur in Anatolien (besonders Mardin), dem Iran, dem Irak und Kurdistan. Sie gilt als G\u00f6ttin der Weisheit und Besch\u00fctzerin von Geheimnissen&#8230; \u015eahmaran wird oft als ein Wesen, halb weise Frau, halb Schlange, dargestellt.<\/p>\n<p>&nbsp;<\/p>\n<p>Shahmaran ist ein Fabelwesen, halb Frau und halb Schlange, der erste Mensch, dem sie begegnet, ist ein junger Mann namens Camasb (in anderen Versionen der Geschichte auch als Yada Jamsab, Jamisav bekannt). Camasb bleibt in einer H\u00f6hle stecken, nachdem er versucht hat, mit ein paar Freunden Honig zu stehlen, seine Freunde lassen ihn in der H\u00f6hle allein. Er beschlie\u00dft, die H\u00f6hle zu erkunden und fi ndet einen Durchgang zu einer Kammer, die wie ein mystischer und wundersch\u00f6ner Garten aussieht, in dem Tausende von cremefarbenen Schlangen und die Shahmaran harmonisch zusammenleben. An diesem Punkt verlieben sich Shahmaran und Camasb und leben in der H\u00f6hlenkammer, und der Shahmaran lehrt ihn \u00fcber Medikamente und Heilkr\u00e4uter. Camasb vermisst das Leben \u00fcber der Erde und will gehen, er sagt dem Shahmaran, dass er das Geheimnis ihres Lebens dort nicht teilen wird. Viele Jahre vergehen.<\/p>\n<p>&nbsp;<\/p>\n<p>Der K\u00f6nig der Stadt Tarsus wird krank und der Wesir entdeckt, dass die Behandlung seines Zustands das Fleisch der Schahmaranen erfordert. Camasb sagt den Stadtbewohnern, wo Shahmaran lebt, laut der Legende, die Shahmaran sagt: \u201cBringe mich in einer irdenen Sch\u00fcssel, gib meinen Extrakt dem Wesir und verf\u00fcttere mein Fleisch an den Sultan.\u201d Sie bringen sie in die Stadt und t\u00f6ten sie in einem Bad namens \u201c\u015eahmaran Hamam\u201d. Der K\u00f6nig isst ihr Fleisch und lebt, der Wesir trinkt den Extrakt und stirbt. Camasb trinkt das Wasser von Shahmaran und wird Arzt, indem er die Weisheit des Shahmaran erlangt.[\/vc_column_text][\/vc_column][\/vc_row]<\/p>\n","protected":false},"excerpt":{"rendered":"<p>[vc_row css_animation=&#8221;&#8221; row_type=&#8221;row&#8221; use_row_as_full_screen_section=&#8221;no&#8221; type=&#8221;full_width&#8221; angled_section=&#8221;no&#8221; text_align=&#8221;left&#8221; background_image_as_pattern=&#8221;without_pattern&#8221; css=&#8221;.vc_custom_1647981875162{margin-top: 32px !important;margin-bottom: 32px !important;}&#8221; z_index=&#8221;&#8221;][vc_column css=&#8221;.vc_custom_1646430017339{margin-right: 16px !important;}&#8221;][vc_column_text] SCHAHMERAN \u2013 2021 [\/vc_column_text][vc_separator type=&#8221;normal&#8221; color=&#8221;#e8e8e8&#8243;][\/vc_column][\/vc_row][vc_row css_animation=&#8221;&#8221; row_type=&#8221;row&#8221; use_row_as_full_screen_section=&#8221;no&#8221; type=&#8221;full_width&#8221; angled_section=&#8221;no&#8221; text_align=&#8221;left&#8221; background_image_as_pattern=&#8221;without_pattern&#8221; z_index=&#8221;&#8221;][vc_column width=&#8221;1\/2&#8243; css=&#8221;.vc_custom_1647812082051{margin-bottom: 32px !important;}&#8221;][vc_single_image image=&#8221;292&#8243; img_size=&#8221;600&#215;451&#8243; add_caption=&#8221;yes&#8221; style=&#8221;vc_box_shadow&#8221; qode_css_animation=&#8221;&#8221; css=&#8221;.vc_custom_1649111191506{margin-bottom: 16px !important;}&#8221;][\/vc_column][vc_column width=&#8221;1\/2&#8243; css=&#8221;.vc_custom_1647812091241{margin-bottom:&#8230;<\/p>\n","protected":false},"author":1,"featured_media":0,"parent":0,"menu_order":0,"comment_status":"closed","ping_status":"closed","template":"","meta":{"footnotes":""},"class_list":["post-616","page","type-page","status-publish","hentry"],"yoast_head":"<!-- This site is optimized with the Yoast SEO plugin v27.3 - https:\/\/yoast.com\/product\/yoast-seo-wordpress\/ -->\n<title>Leidender Schahmeran - Asl\u0131 Filiz<\/title>\n<meta name=\"description\" content=\"Frauen-Motiv: H\u00e4nde auf den H\u00fcften Es ist das Symbol der Weiblichkeit \u00fcberall in Anatolien. Die Kunstweberin Anil Asl\u0131 Filiz...\" \/>\n<meta name=\"robots\" content=\"index, follow, max-snippet:-1, max-image-preview:large, max-video-preview:-1\" \/>\n<link rel=\"canonical\" href=\"https:\/\/aslifiliz.com\/de\/leidender-schahmeran\/\" \/>\n<meta property=\"og:locale\" content=\"tr_TR\" \/>\n<meta property=\"og:type\" content=\"article\" \/>\n<meta property=\"og:title\" content=\"Leidender Schahmeran - Asl\u0131 Filiz\" \/>\n<meta property=\"og:description\" content=\"Frauen-Motiv: H\u00e4nde auf den H\u00fcften Es ist das Symbol der Weiblichkeit \u00fcberall in Anatolien. Die Kunstweberin Anil Asl\u0131 Filiz...\" \/>\n<meta property=\"og:url\" content=\"https:\/\/aslifiliz.com\/de\/leidender-schahmeran\/\" \/>\n<meta property=\"og:site_name\" content=\"Asl\u0131 Filiz\" \/>\n<meta property=\"article:modified_time\" content=\"2022-04-04T22:04:37+00:00\" \/>\n<meta name=\"twitter:card\" content=\"summary_large_image\" \/>\n<meta name=\"twitter:label1\" content=\"Tahmini okuma s\u00fcresi\" \/>\n\t<meta name=\"twitter:data1\" content=\"2 dakika\" \/>\n<script type=\"application\/ld+json\" class=\"yoast-schema-graph\">{\"@context\":\"https:\\\/\\\/schema.org\",\"@graph\":[{\"@type\":\"WebPage\",\"@id\":\"https:\\\/\\\/aslifiliz.com\\\/de\\\/leidender-schahmeran\\\/\",\"url\":\"https:\\\/\\\/aslifiliz.com\\\/de\\\/leidender-schahmeran\\\/\",\"name\":\"Leidender Schahmeran - Asl\u0131 Filiz\",\"isPartOf\":{\"@id\":\"https:\\\/\\\/aslifiliz.com\\\/de\\\/#website\"},\"datePublished\":\"2022-04-02T22:00:55+00:00\",\"dateModified\":\"2022-04-04T22:04:37+00:00\",\"description\":\"Frauen-Motiv: H\u00e4nde auf den H\u00fcften Es ist das Symbol der Weiblichkeit \u00fcberall in Anatolien. Die Kunstweberin Anil Asl\u0131 Filiz...\",\"breadcrumb\":{\"@id\":\"https:\\\/\\\/aslifiliz.com\\\/de\\\/leidender-schahmeran\\\/#breadcrumb\"},\"inLanguage\":\"tr\",\"potentialAction\":[{\"@type\":\"ReadAction\",\"target\":[\"https:\\\/\\\/aslifiliz.com\\\/de\\\/leidender-schahmeran\\\/\"]}]},{\"@type\":\"BreadcrumbList\",\"@id\":\"https:\\\/\\\/aslifiliz.com\\\/de\\\/leidender-schahmeran\\\/#breadcrumb\",\"itemListElement\":[{\"@type\":\"ListItem\",\"position\":1,\"name\":\"Home\",\"item\":\"https:\\\/\\\/aslifiliz.com\\\/de\\\/\"},{\"@type\":\"ListItem\",\"position\":2,\"name\":\"Leidender Schahmeran\"}]},{\"@type\":\"WebSite\",\"@id\":\"https:\\\/\\\/aslifiliz.com\\\/de\\\/#website\",\"url\":\"https:\\\/\\\/aslifiliz.com\\\/de\\\/\",\"name\":\"Asl\u0131 Filiz\",\"description\":\"Kunst und Grafikdesign\",\"potentialAction\":[{\"@type\":\"SearchAction\",\"target\":{\"@type\":\"EntryPoint\",\"urlTemplate\":\"https:\\\/\\\/aslifiliz.com\\\/de\\\/?s={search_term_string}\"},\"query-input\":{\"@type\":\"PropertyValueSpecification\",\"valueRequired\":true,\"valueName\":\"search_term_string\"}}],\"inLanguage\":\"tr\"}]}<\/script>\n<!-- \/ Yoast SEO plugin. -->","yoast_head_json":{"title":"Leidender Schahmeran - Asl\u0131 Filiz","description":"Frauen-Motiv: H\u00e4nde auf den H\u00fcften Es ist das Symbol der Weiblichkeit \u00fcberall in Anatolien. Die Kunstweberin Anil Asl\u0131 Filiz...","robots":{"index":"index","follow":"follow","max-snippet":"max-snippet:-1","max-image-preview":"max-image-preview:large","max-video-preview":"max-video-preview:-1"},"canonical":"https:\/\/aslifiliz.com\/de\/leidender-schahmeran\/","og_locale":"tr_TR","og_type":"article","og_title":"Leidender Schahmeran - Asl\u0131 Filiz","og_description":"Frauen-Motiv: H\u00e4nde auf den H\u00fcften Es ist das Symbol der Weiblichkeit \u00fcberall in Anatolien. Die Kunstweberin Anil Asl\u0131 Filiz...","og_url":"https:\/\/aslifiliz.com\/de\/leidender-schahmeran\/","og_site_name":"Asl\u0131 Filiz","article_modified_time":"2022-04-04T22:04:37+00:00","twitter_card":"summary_large_image","twitter_misc":{"Tahmini okuma s\u00fcresi":"2 dakika"},"schema":{"@context":"https:\/\/schema.org","@graph":[{"@type":"WebPage","@id":"https:\/\/aslifiliz.com\/de\/leidender-schahmeran\/","url":"https:\/\/aslifiliz.com\/de\/leidender-schahmeran\/","name":"Leidender Schahmeran - Asl\u0131 Filiz","isPartOf":{"@id":"https:\/\/aslifiliz.com\/de\/#website"},"datePublished":"2022-04-02T22:00:55+00:00","dateModified":"2022-04-04T22:04:37+00:00","description":"Frauen-Motiv: H\u00e4nde auf den H\u00fcften Es ist das Symbol der Weiblichkeit \u00fcberall in Anatolien. Die Kunstweberin Anil Asl\u0131 Filiz...","breadcrumb":{"@id":"https:\/\/aslifiliz.com\/de\/leidender-schahmeran\/#breadcrumb"},"inLanguage":"tr","potentialAction":[{"@type":"ReadAction","target":["https:\/\/aslifiliz.com\/de\/leidender-schahmeran\/"]}]},{"@type":"BreadcrumbList","@id":"https:\/\/aslifiliz.com\/de\/leidender-schahmeran\/#breadcrumb","itemListElement":[{"@type":"ListItem","position":1,"name":"Home","item":"https:\/\/aslifiliz.com\/de\/"},{"@type":"ListItem","position":2,"name":"Leidender Schahmeran"}]},{"@type":"WebSite","@id":"https:\/\/aslifiliz.com\/de\/#website","url":"https:\/\/aslifiliz.com\/de\/","name":"Asl\u0131 Filiz","description":"Kunst und Grafikdesign","potentialAction":[{"@type":"SearchAction","target":{"@type":"EntryPoint","urlTemplate":"https:\/\/aslifiliz.com\/de\/?s={search_term_string}"},"query-input":{"@type":"PropertyValueSpecification","valueRequired":true,"valueName":"search_term_string"}}],"inLanguage":"tr"}]}},"_links":{"self":[{"href":"https:\/\/aslifiliz.com\/de\/wp-json\/wp\/v2\/pages\/616","targetHints":{"allow":["GET"]}}],"collection":[{"href":"https:\/\/aslifiliz.com\/de\/wp-json\/wp\/v2\/pages"}],"about":[{"href":"https:\/\/aslifiliz.com\/de\/wp-json\/wp\/v2\/types\/page"}],"author":[{"embeddable":true,"href":"https:\/\/aslifiliz.com\/de\/wp-json\/wp\/v2\/users\/1"}],"replies":[{"embeddable":true,"href":"https:\/\/aslifiliz.com\/de\/wp-json\/wp\/v2\/comments?post=616"}],"version-history":[{"count":2,"href":"https:\/\/aslifiliz.com\/de\/wp-json\/wp\/v2\/pages\/616\/revisions"}],"predecessor-version":[{"id":654,"href":"https:\/\/aslifiliz.com\/de\/wp-json\/wp\/v2\/pages\/616\/revisions\/654"}],"wp:attachment":[{"href":"https:\/\/aslifiliz.com\/de\/wp-json\/wp\/v2\/media?parent=616"}],"curies":[{"name":"wp","href":"https:\/\/api.w.org\/{rel}","templated":true}]}}