{"id":619,"date":"2022-04-03T01:06:40","date_gmt":"2022-04-02T22:06:40","guid":{"rendered":"https:\/\/aslifiliz.com\/de\/?page_id=619"},"modified":"2025-10-10T14:36:19","modified_gmt":"2025-10-10T11:36:19","slug":"garibe-gezer-winderstand","status":"publish","type":"page","link":"https:\/\/aslifiliz.com\/de\/garibe-gezer-winderstand\/","title":{"rendered":"Garibe Gezer Winderstand"},"content":{"rendered":"<p>[vc_row css_animation=&#8221;&#8221; row_type=&#8221;row&#8221; use_row_as_full_screen_section=&#8221;no&#8221; type=&#8221;full_width&#8221; angled_section=&#8221;no&#8221; text_align=&#8221;left&#8221; background_image_as_pattern=&#8221;without_pattern&#8221; css=&#8221;.vc_custom_1647981875162{margin-top: 32px !important;margin-bottom: 32px !important;}&#8221; z_index=&#8221;&#8221;][vc_column css=&#8221;.vc_custom_1646430017339{margin-right: 16px !important;}&#8221;][vc_column_text]<\/p>\n<div class=\"wpb_text_column wpb_content_element \">\n<div class=\"wpb_wrapper\">\n<div class=\"wpb_text_column wpb_content_element \">\n<div class=\"wpb_wrapper\">\n<h5>GAR\u0130BE GEZERS WINDERSTAND \u2013 2021<\/h5>\n<\/div>\n<\/div>\n<\/div>\n<\/div>\n<p>[\/vc_column_text][vc_separator type=&#8221;normal&#8221; color=&#8221;#e8e8e8&#8243;][\/vc_column][\/vc_row][vc_row css_animation=&#8221;&#8221; row_type=&#8221;row&#8221; use_row_as_full_screen_section=&#8221;no&#8221; type=&#8221;full_width&#8221; angled_section=&#8221;no&#8221; text_align=&#8221;left&#8221; background_image_as_pattern=&#8221;without_pattern&#8221; z_index=&#8221;&#8221;][vc_column width=&#8221;1\/2&#8243; css=&#8221;.vc_custom_1647812082051{margin-bottom: 32px !important;}&#8221;][vc_single_image image=&#8221;297&#8243; img_size=&#8221;600&#215;749&#8243; add_caption=&#8221;yes&#8221; style=&#8221;vc_box_shadow&#8221; qode_css_animation=&#8221;&#8221;][\/vc_column][vc_column width=&#8221;1\/2&#8243; css=&#8221;.vc_custom_1647812091241{margin-bottom: 32px !important;}&#8221;]<div class=\"q_icon_list\"><i class=\"qode_icon_font_awesome fa fa-paint-brush qode-ili-icon-holder circle\" style=\"color: #a0a0a0;background-color: #ffffff;\" ><\/i><p style=\"color:#a0a0a0;\">Garibe Gezers Winderstand<\/p><\/div><div class=\"q_icon_list\"><i class=\"qode_icon_font_awesome fa fa-minus qode-ili-icon-holder circle\" style=\"color: #a0a0a0;background-color: #ffffff;\" ><\/i><p style=\"color:#a0a0a0;\">Acrylfarben \/ Spiegel<\/p><\/div><div class=\"q_icon_list\"><i class=\"qode_icon_font_awesome fa fa-minus qode-ili-icon-holder circle\" style=\"color: #a0a0a0;background-color: #ffffff;\" ><\/i><p style=\"color:#a0a0a0;\">Rahmen: 80x60 cm<\/p><\/div>[vc_column_text]Betrachte dich selbst im Spiegel und sp\u00fcre die Rebellion und den Garibe Gezers Winderstand Widerstand von Garbe, der sich nicht einsperren l\u00e4sst.[\/vc_column_text][vc_column_text css=&#8221;.vc_custom_1648938588736{margin-top: 16px !important;margin-bottom: 16px !important;}&#8221;]<\/p>\n<h4>_WER WAR GARIBE GEZER?<\/h4>\n<p>[\/vc_column_text][vc_column_text]<\/p>\n<p data-start=\"82\" data-end=\"545\">Garibe Gezer wurde im M\u00e4rz 2016 in M\u00eard\u00een festgenommen. Sie war damals 23 Jahre alt und geh\u00f6rte dem Vorstand des DBP-Bezirksverbandes in Kerboran (tr. Darge\u00e7it) an.<br data-start=\"246\" data-end=\"249\" \/>Aufgrund der Klage gegen alle, die Kerboran nach der Verh\u00e4ngung der Ausgangssperre im Dezember 2015 nicht verlassen hatten, wurde ein Haftbefehl gegen Garibe Gezer erlassen. Nach t\u00fcrkischem Strafrecht wurde sie zu einer schweren lebenslangen Haftstrafe verurteilt, die bis zu ihrem Tod dauerte.<\/p>\n<p data-start=\"547\" data-end=\"1317\">Garibe Gezer wurde in einer Zelle festgehalten und leistete Widerstand. Aus Protest z\u00fcndete sie ihre Zelle im Kayseri-Gef\u00e4ngnis an und wurde zur Strafe nach Kand\u0131ra verlegt. Dort blieb sie 22 Tage lang in Einzelhaft und k\u00e4mpfte erneut. Im Mai drangen m\u00e4nnliche und weibliche W\u00e4rter gewaltsam in ihre Zelle ein. Die Gewalttat dauerte mehrere Minuten. Ihre Unterw\u00e4sche war zerrissen und sie wurde halbnackt in die M\u00e4nnerabteilung geschleift. Anschlie\u00dfend wurde sie in eine v\u00f6llig isolierte \u201eGummizelle\u201c gesteckt und 24 Stunden am Tag von Kameras \u00fcberwacht. In diesem Raum wurde sie sexueller Gewalt durch die W\u00e4rter ausgesetzt. Anschlie\u00dfend versuchte sie, sich das Leben zu nehmen. Garibe Gezer wurde von den W\u00e4rtern in der Zelle, in der sie festgehalten wurde, get\u00f6tet.<\/p>\n<p>[\/vc_column_text][\/vc_column][\/vc_row]<\/p>\n","protected":false},"excerpt":{"rendered":"<p>[vc_row css_animation=&#8221;&#8221; row_type=&#8221;row&#8221; use_row_as_full_screen_section=&#8221;no&#8221; type=&#8221;full_width&#8221; angled_section=&#8221;no&#8221; text_align=&#8221;left&#8221; background_image_as_pattern=&#8221;without_pattern&#8221; css=&#8221;.vc_custom_1647981875162{margin-top: 32px !important;margin-bottom: 32px !important;}&#8221; z_index=&#8221;&#8221;][vc_column css=&#8221;.vc_custom_1646430017339{margin-right: 16px !important;}&#8221;][vc_column_text] GAR\u0130BE GEZERS WINDERSTAND \u2013 2021 [\/vc_column_text][vc_separator type=&#8221;normal&#8221; color=&#8221;#e8e8e8&#8243;][\/vc_column][\/vc_row][vc_row css_animation=&#8221;&#8221; row_type=&#8221;row&#8221; use_row_as_full_screen_section=&#8221;no&#8221; type=&#8221;full_width&#8221; angled_section=&#8221;no&#8221; text_align=&#8221;left&#8221; background_image_as_pattern=&#8221;without_pattern&#8221; z_index=&#8221;&#8221;][vc_column width=&#8221;1\/2&#8243; css=&#8221;.vc_custom_1647812082051{margin-bottom: 32px !important;}&#8221;][vc_single_image image=&#8221;297&#8243; img_size=&#8221;600&#215;749&#8243; add_caption=&#8221;yes&#8221; style=&#8221;vc_box_shadow&#8221; qode_css_animation=&#8221;&#8221;][\/vc_column][vc_column width=&#8221;1\/2&#8243; css=&#8221;.vc_custom_1647812091241{margin-bottom: 32px&#8230;<\/p>\n","protected":false},"author":1,"featured_media":0,"parent":0,"menu_order":0,"comment_status":"closed","ping_status":"closed","template":"","meta":{"footnotes":""},"class_list":["post-619","page","type-page","status-publish","hentry"],"yoast_head":"<!-- This site is optimized with the Yoast SEO plugin v27.3 - https:\/\/yoast.com\/product\/yoast-seo-wordpress\/ -->\n<title>Garibe Gezer Winderstand - Asl\u0131 Filiz<\/title>\n<meta name=\"description\" content=\"Unter dem Vorwand, eine Rebellion zu zerschlagen, ver\u00fcbte der t\u00fcrkische Staat in den Jahren 1937-38 in Dersim (Tunceli) ein gro\u00dfes Massaker. Die Kunstweberin Anil Asl\u0131 Filiz...\" \/>\n<meta name=\"robots\" content=\"index, follow, max-snippet:-1, max-image-preview:large, max-video-preview:-1\" \/>\n<link rel=\"canonical\" href=\"https:\/\/aslifiliz.com\/de\/garibe-gezer-winderstand\/\" \/>\n<meta property=\"og:locale\" content=\"tr_TR\" \/>\n<meta property=\"og:type\" content=\"article\" \/>\n<meta property=\"og:title\" content=\"Garibe Gezer Winderstand - Asl\u0131 Filiz\" \/>\n<meta property=\"og:description\" content=\"Unter dem Vorwand, eine Rebellion zu zerschlagen, ver\u00fcbte der t\u00fcrkische Staat in den Jahren 1937-38 in Dersim (Tunceli) ein gro\u00dfes Massaker. Die Kunstweberin Anil Asl\u0131 Filiz...\" \/>\n<meta property=\"og:url\" content=\"https:\/\/aslifiliz.com\/de\/garibe-gezer-winderstand\/\" \/>\n<meta property=\"og:site_name\" content=\"Asl\u0131 Filiz\" \/>\n<meta property=\"article:modified_time\" content=\"2025-10-10T11:36:19+00:00\" \/>\n<meta name=\"twitter:card\" content=\"summary_large_image\" \/>\n<meta name=\"twitter:label1\" content=\"Tahmini okuma s\u00fcresi\" \/>\n\t<meta name=\"twitter:data1\" content=\"2 dakika\" \/>\n<script type=\"application\/ld+json\" class=\"yoast-schema-graph\">{\"@context\":\"https:\\\/\\\/schema.org\",\"@graph\":[{\"@type\":\"WebPage\",\"@id\":\"https:\\\/\\\/aslifiliz.com\\\/de\\\/garibe-gezer-winderstand\\\/\",\"url\":\"https:\\\/\\\/aslifiliz.com\\\/de\\\/garibe-gezer-winderstand\\\/\",\"name\":\"Garibe Gezer Winderstand - Asl\u0131 Filiz\",\"isPartOf\":{\"@id\":\"https:\\\/\\\/aslifiliz.com\\\/de\\\/#website\"},\"datePublished\":\"2022-04-02T22:06:40+00:00\",\"dateModified\":\"2025-10-10T11:36:19+00:00\",\"description\":\"Unter dem Vorwand, eine Rebellion zu zerschlagen, ver\u00fcbte der t\u00fcrkische Staat in den Jahren 1937-38 in Dersim (Tunceli) ein gro\u00dfes Massaker. Die Kunstweberin Anil Asl\u0131 Filiz...\",\"breadcrumb\":{\"@id\":\"https:\\\/\\\/aslifiliz.com\\\/de\\\/garibe-gezer-winderstand\\\/#breadcrumb\"},\"inLanguage\":\"tr\",\"potentialAction\":[{\"@type\":\"ReadAction\",\"target\":[\"https:\\\/\\\/aslifiliz.com\\\/de\\\/garibe-gezer-winderstand\\\/\"]}]},{\"@type\":\"BreadcrumbList\",\"@id\":\"https:\\\/\\\/aslifiliz.com\\\/de\\\/garibe-gezer-winderstand\\\/#breadcrumb\",\"itemListElement\":[{\"@type\":\"ListItem\",\"position\":1,\"name\":\"Home\",\"item\":\"https:\\\/\\\/aslifiliz.com\\\/de\\\/\"},{\"@type\":\"ListItem\",\"position\":2,\"name\":\"Garibe Gezer Winderstand\"}]},{\"@type\":\"WebSite\",\"@id\":\"https:\\\/\\\/aslifiliz.com\\\/de\\\/#website\",\"url\":\"https:\\\/\\\/aslifiliz.com\\\/de\\\/\",\"name\":\"Asl\u0131 Filiz\",\"description\":\"Kunst und Grafikdesign\",\"potentialAction\":[{\"@type\":\"SearchAction\",\"target\":{\"@type\":\"EntryPoint\",\"urlTemplate\":\"https:\\\/\\\/aslifiliz.com\\\/de\\\/?s={search_term_string}\"},\"query-input\":{\"@type\":\"PropertyValueSpecification\",\"valueRequired\":true,\"valueName\":\"search_term_string\"}}],\"inLanguage\":\"tr\"}]}<\/script>\n<!-- \/ Yoast SEO plugin. -->","yoast_head_json":{"title":"Garibe Gezer Winderstand - Asl\u0131 Filiz","description":"Unter dem Vorwand, eine Rebellion zu zerschlagen, ver\u00fcbte der t\u00fcrkische Staat in den Jahren 1937-38 in Dersim (Tunceli) ein gro\u00dfes Massaker. Die Kunstweberin Anil Asl\u0131 Filiz...","robots":{"index":"index","follow":"follow","max-snippet":"max-snippet:-1","max-image-preview":"max-image-preview:large","max-video-preview":"max-video-preview:-1"},"canonical":"https:\/\/aslifiliz.com\/de\/garibe-gezer-winderstand\/","og_locale":"tr_TR","og_type":"article","og_title":"Garibe Gezer Winderstand - Asl\u0131 Filiz","og_description":"Unter dem Vorwand, eine Rebellion zu zerschlagen, ver\u00fcbte der t\u00fcrkische Staat in den Jahren 1937-38 in Dersim (Tunceli) ein gro\u00dfes Massaker. Die Kunstweberin Anil Asl\u0131 Filiz...","og_url":"https:\/\/aslifiliz.com\/de\/garibe-gezer-winderstand\/","og_site_name":"Asl\u0131 Filiz","article_modified_time":"2025-10-10T11:36:19+00:00","twitter_card":"summary_large_image","twitter_misc":{"Tahmini okuma s\u00fcresi":"2 dakika"},"schema":{"@context":"https:\/\/schema.org","@graph":[{"@type":"WebPage","@id":"https:\/\/aslifiliz.com\/de\/garibe-gezer-winderstand\/","url":"https:\/\/aslifiliz.com\/de\/garibe-gezer-winderstand\/","name":"Garibe Gezer Winderstand - Asl\u0131 Filiz","isPartOf":{"@id":"https:\/\/aslifiliz.com\/de\/#website"},"datePublished":"2022-04-02T22:06:40+00:00","dateModified":"2025-10-10T11:36:19+00:00","description":"Unter dem Vorwand, eine Rebellion zu zerschlagen, ver\u00fcbte der t\u00fcrkische Staat in den Jahren 1937-38 in Dersim (Tunceli) ein gro\u00dfes Massaker. Die Kunstweberin Anil Asl\u0131 Filiz...","breadcrumb":{"@id":"https:\/\/aslifiliz.com\/de\/garibe-gezer-winderstand\/#breadcrumb"},"inLanguage":"tr","potentialAction":[{"@type":"ReadAction","target":["https:\/\/aslifiliz.com\/de\/garibe-gezer-winderstand\/"]}]},{"@type":"BreadcrumbList","@id":"https:\/\/aslifiliz.com\/de\/garibe-gezer-winderstand\/#breadcrumb","itemListElement":[{"@type":"ListItem","position":1,"name":"Home","item":"https:\/\/aslifiliz.com\/de\/"},{"@type":"ListItem","position":2,"name":"Garibe Gezer Winderstand"}]},{"@type":"WebSite","@id":"https:\/\/aslifiliz.com\/de\/#website","url":"https:\/\/aslifiliz.com\/de\/","name":"Asl\u0131 Filiz","description":"Kunst und Grafikdesign","potentialAction":[{"@type":"SearchAction","target":{"@type":"EntryPoint","urlTemplate":"https:\/\/aslifiliz.com\/de\/?s={search_term_string}"},"query-input":{"@type":"PropertyValueSpecification","valueRequired":true,"valueName":"search_term_string"}}],"inLanguage":"tr"}]}},"_links":{"self":[{"href":"https:\/\/aslifiliz.com\/de\/wp-json\/wp\/v2\/pages\/619","targetHints":{"allow":["GET"]}}],"collection":[{"href":"https:\/\/aslifiliz.com\/de\/wp-json\/wp\/v2\/pages"}],"about":[{"href":"https:\/\/aslifiliz.com\/de\/wp-json\/wp\/v2\/types\/page"}],"author":[{"embeddable":true,"href":"https:\/\/aslifiliz.com\/de\/wp-json\/wp\/v2\/users\/1"}],"replies":[{"embeddable":true,"href":"https:\/\/aslifiliz.com\/de\/wp-json\/wp\/v2\/comments?post=619"}],"version-history":[{"count":7,"href":"https:\/\/aslifiliz.com\/de\/wp-json\/wp\/v2\/pages\/619\/revisions"}],"predecessor-version":[{"id":2266,"href":"https:\/\/aslifiliz.com\/de\/wp-json\/wp\/v2\/pages\/619\/revisions\/2266"}],"wp:attachment":[{"href":"https:\/\/aslifiliz.com\/de\/wp-json\/wp\/v2\/media?parent=619"}],"curies":[{"name":"wp","href":"https:\/\/api.w.org\/{rel}","templated":true}]}}